{"id":870,"date":"2019-02-25T12:31:27","date_gmt":"2019-02-25T11:31:27","guid":{"rendered":"https:\/\/www.calminia.com\/calmiprotect\/"},"modified":"2020-05-18T13:53:40","modified_gmt":"2020-05-18T12:53:40","slug":"calmiprotect","status":"publish","type":"page","link":"https:\/\/www.calminia.com\/en\/products\/calmiprotect\/","title":{"rendered":"Calmiprotect\u00ae"},"content":{"rendered":"\n\t<p><strong>\u00a0CALMIPROTECT\u00ae protects all natural stone and porous materials<\/strong> by preventing water, greasy dirt and stains from penetrating. Water-repellent, oil-repellent, stain-proof, it fulfils many missions: anti-graffiti, non-stick, anti-dirt&#8230;<\/p>\n\t\t\t\t<img decoding=\"async\" loading=\"lazy\" src=\"https:\/\/www.calminia.com\/wp-content\/uploads\/2019\/02\/calmiprotect-calminia-entretien.jpg\" alt=\"calmiprotect calminia entretien proteger materiaux eau salissure grassse tache calminia pierre naturelle vente fabricant\" height=\"900\" width=\"900\" title=\"calmiprotect-calminia-entretien\" \/>\n\t<p><strong>CALMIPROTECT\u00ae is an impregnating product, it forms a protective veil and acts as a barrier against the penetration of water or stains into the stone.<\/strong> It thus eliminates damage caused by frost and pollution, while limiting the formation of mosses and lichens. However, the stone remains permeable to air and water vapour, thus offering greater comfort of use.<\/p>\n<p>Easy to use, CALMIPROTECT\u00ae can be applied by sprayer, roller or brush, it is ready to use and does not require dilution.<\/p>\n\t<h2>CALMIPROTECT\u00ae is suitable for:<\/h2>\n<p>&nbsp;<\/p>\n<ul>\n<li>\n<p>Indoor and outdoor floors<\/p>\n<\/li>\n<li>\n<p>The walls, the facades<\/p>\n<\/li>\n<li>\n<p>The terraces of caf\u00e9s and restaurants, balconies<\/p>\n<\/li>\n<li>\n<p>The swimming pool beaches<\/p>\n<\/li>\n<\/ul>\n<p>It is advisable to apply CALMIPROTECT\u00ae every\u00a0 Five years.<\/p>\n<h2>\u00a0<\/h2>\n<h2>\u00a0<\/h2>\n<h2>Yield:<\/h2>\n<p>4 to 7 m2 per litre (indicative average value).<\/p>\n<p>&nbsp;<\/p>\n<h2>Recommendation:<\/h2>\n<p>store the product in a temperate room, protected from frost and sunlight.<\/p>\n\t<h2>Special stone protection<\/h2>\n<p>&nbsp;<\/p>\n<ul>\n<li>Adapted for CALMIA natural stones<\/li>\n<li>Long lasting effect<\/li>\n<li>Protects from water, oil<\/li>\n<li>Aerate the CALMINIA stone<\/li>\n<li>Suitable for floors and walls<\/li>\n<li>Inside and outside<\/li>\n<li>Water repellent, oil repellent<\/li>\n<li>Easy to use<\/li>\n<li>Ready to use<\/li>\n<li>Delays aging and facilitates maintenance<\/li>\n<li>Improve non-frost resistance<\/li>\n<li>100% biodegradable<\/li>\n<\/ul>\n","protected":false},"excerpt":{"rendered":"<p>\u00a0CALMIPROTECT\u00ae protects all natural stone and porous materials by preventing water, greasy dirt and stains from penetrating. Water-repellent, oil-repellent, stain-proof, it fulfils many missions: anti-graffiti, non-stick, anti-dirt&#8230; CALMIPROTECT\u00ae is an impregnating product, it forms a protective veil and acts as a barrier against the penetration of water or stains into the stone. It thus eliminates [&hellip;]<\/p>\n","protected":false},"author":1,"featured_media":633,"parent":881,"menu_order":0,"comment_status":"closed","ping_status":"closed","template":"","meta":[],"acf":[],"yoast_head":"<!-- This site is optimized with the Yoast SEO plugin v20.4 - https:\/\/yoast.com\/wordpress\/plugins\/seo\/ -->\n<title>Calmiprotect \u00ae | Con\u00e7u pour prot\u00e9ger l&#039;ensemble des mat\u00e9riaux poreux<\/title>\n<meta name=\"description\" content=\"Calminia a d\u00e9velopp\u00e9 un produit permettant de prot\u00e9ger tous les mat\u00e9riaux poreux en emp\u00eachant l&#039;eau, les salissures grasses et les t\u00e2ches de p\u00e9n\u00e9trer.\" \/>\n<meta name=\"robots\" content=\"index, follow, max-snippet:-1, max-image-preview:large, max-video-preview:-1\" \/>\n<link rel=\"canonical\" href=\"https:\/\/www.calminia.com\/en\/products\/calmiprotect\/\" \/>\n<meta property=\"og:locale\" content=\"en_US\" \/>\n<meta property=\"og:type\" content=\"article\" \/>\n<meta property=\"og:title\" content=\"Calmiprotect \u00ae | Con\u00e7u pour prot\u00e9ger l&#039;ensemble des mat\u00e9riaux poreux\" \/>\n<meta property=\"og:description\" content=\"Calminia a d\u00e9velopp\u00e9 un produit permettant de prot\u00e9ger tous les mat\u00e9riaux poreux en emp\u00eachant l&#039;eau, les salissures grasses et les t\u00e2ches de p\u00e9n\u00e9trer.\" \/>\n<meta property=\"og:url\" content=\"https:\/\/www.calminia.com\/en\/products\/calmiprotect\/\" \/>\n<meta property=\"og:site_name\" content=\"Calminia\" \/>\n<meta property=\"article:modified_time\" content=\"2020-05-18T12:53:40+00:00\" \/>\n<meta property=\"og:image\" content=\"https:\/\/www.calminia.com\/wp-content\/uploads\/2019\/02\/calmiprotect-calminia-entretien.jpg\" \/>\n\t<meta property=\"og:image:width\" content=\"900\" \/>\n\t<meta property=\"og:image:height\" content=\"900\" \/>\n\t<meta property=\"og:image:type\" content=\"image\/jpeg\" \/>\n<meta name=\"twitter:card\" content=\"summary_large_image\" \/>\n<meta name=\"twitter:label1\" content=\"Est. reading time\" \/>\n\t<meta name=\"twitter:data1\" content=\"1 minute\" \/>\n<script type=\"application\/ld+json\" class=\"yoast-schema-graph\">{\"@context\":\"https:\/\/schema.org\",\"@graph\":[{\"@type\":\"WebPage\",\"@id\":\"https:\/\/www.calminia.com\/en\/products\/calmiprotect\/\",\"url\":\"https:\/\/www.calminia.com\/en\/products\/calmiprotect\/\",\"name\":\"Calmiprotect \u00ae | Con\u00e7u pour prot\u00e9ger l'ensemble des mat\u00e9riaux poreux\",\"isPartOf\":{\"@id\":\"https:\/\/www.calminia.com\/#website\"},\"datePublished\":\"2019-02-25T11:31:27+00:00\",\"dateModified\":\"2020-05-18T12:53:40+00:00\",\"description\":\"Calminia a d\u00e9velopp\u00e9 un produit permettant de prot\u00e9ger tous les mat\u00e9riaux poreux en emp\u00eachant l'eau, les salissures grasses et les t\u00e2ches de p\u00e9n\u00e9trer.\",\"breadcrumb\":{\"@id\":\"https:\/\/www.calminia.com\/en\/products\/calmiprotect\/#breadcrumb\"},\"inLanguage\":\"en-US\",\"potentialAction\":[{\"@type\":\"ReadAction\",\"target\":[\"https:\/\/www.calminia.com\/en\/products\/calmiprotect\/\"]}]},{\"@type\":\"BreadcrumbList\",\"@id\":\"https:\/\/www.calminia.com\/en\/products\/calmiprotect\/#breadcrumb\",\"itemListElement\":[{\"@type\":\"ListItem\",\"position\":1,\"name\":\"Accueil\",\"item\":\"https:\/\/www.calminia.com\/en\/\"},{\"@type\":\"ListItem\",\"position\":2,\"name\":\"Products for maintenance and laying of natural stones\",\"item\":\"https:\/\/www.calminia.com\/en\/products\/\"},{\"@type\":\"ListItem\",\"position\":3,\"name\":\"Calmiprotect\u00ae\"}]},{\"@type\":\"WebSite\",\"@id\":\"https:\/\/www.calminia.com\/#website\",\"url\":\"https:\/\/www.calminia.com\/\",\"name\":\"Calminia\",\"description\":\"\",\"potentialAction\":[{\"@type\":\"SearchAction\",\"target\":{\"@type\":\"EntryPoint\",\"urlTemplate\":\"https:\/\/www.calminia.com\/?s={search_term_string}\"},\"query-input\":\"required name=search_term_string\"}],\"inLanguage\":\"en-US\"}]}<\/script>\n<!-- \/ Yoast SEO plugin. -->","yoast_head_json":{"title":"Calmiprotect \u00ae | Con\u00e7u pour prot\u00e9ger l'ensemble des mat\u00e9riaux poreux","description":"Calminia a d\u00e9velopp\u00e9 un produit permettant de prot\u00e9ger tous les mat\u00e9riaux poreux en emp\u00eachant l'eau, les salissures grasses et les t\u00e2ches de p\u00e9n\u00e9trer.","robots":{"index":"index","follow":"follow","max-snippet":"max-snippet:-1","max-image-preview":"max-image-preview:large","max-video-preview":"max-video-preview:-1"},"canonical":"https:\/\/www.calminia.com\/en\/products\/calmiprotect\/","og_locale":"en_US","og_type":"article","og_title":"Calmiprotect \u00ae | Con\u00e7u pour prot\u00e9ger l'ensemble des mat\u00e9riaux poreux","og_description":"Calminia a d\u00e9velopp\u00e9 un produit permettant de prot\u00e9ger tous les mat\u00e9riaux poreux en emp\u00eachant l'eau, les salissures grasses et les t\u00e2ches de p\u00e9n\u00e9trer.","og_url":"https:\/\/www.calminia.com\/en\/products\/calmiprotect\/","og_site_name":"Calminia","article_modified_time":"2020-05-18T12:53:40+00:00","og_image":[{"width":900,"height":900,"url":"https:\/\/www.calminia.com\/wp-content\/uploads\/2019\/02\/calmiprotect-calminia-entretien.jpg","type":"image\/jpeg"}],"twitter_card":"summary_large_image","twitter_misc":{"Est. reading time":"1 minute"},"schema":{"@context":"https:\/\/schema.org","@graph":[{"@type":"WebPage","@id":"https:\/\/www.calminia.com\/en\/products\/calmiprotect\/","url":"https:\/\/www.calminia.com\/en\/products\/calmiprotect\/","name":"Calmiprotect \u00ae | Con\u00e7u pour prot\u00e9ger l'ensemble des mat\u00e9riaux poreux","isPartOf":{"@id":"https:\/\/www.calminia.com\/#website"},"datePublished":"2019-02-25T11:31:27+00:00","dateModified":"2020-05-18T12:53:40+00:00","description":"Calminia a d\u00e9velopp\u00e9 un produit permettant de prot\u00e9ger tous les mat\u00e9riaux poreux en emp\u00eachant l'eau, les salissures grasses et les t\u00e2ches de p\u00e9n\u00e9trer.","breadcrumb":{"@id":"https:\/\/www.calminia.com\/en\/products\/calmiprotect\/#breadcrumb"},"inLanguage":"en-US","potentialAction":[{"@type":"ReadAction","target":["https:\/\/www.calminia.com\/en\/products\/calmiprotect\/"]}]},{"@type":"BreadcrumbList","@id":"https:\/\/www.calminia.com\/en\/products\/calmiprotect\/#breadcrumb","itemListElement":[{"@type":"ListItem","position":1,"name":"Accueil","item":"https:\/\/www.calminia.com\/en\/"},{"@type":"ListItem","position":2,"name":"Products for maintenance and laying of natural stones","item":"https:\/\/www.calminia.com\/en\/products\/"},{"@type":"ListItem","position":3,"name":"Calmiprotect\u00ae"}]},{"@type":"WebSite","@id":"https:\/\/www.calminia.com\/#website","url":"https:\/\/www.calminia.com\/","name":"Calminia","description":"","potentialAction":[{"@type":"SearchAction","target":{"@type":"EntryPoint","urlTemplate":"https:\/\/www.calminia.com\/?s={search_term_string}"},"query-input":"required name=search_term_string"}],"inLanguage":"en-US"}]}},"_links":{"self":[{"href":"https:\/\/www.calminia.com\/en\/wp-json\/wp\/v2\/pages\/870"}],"collection":[{"href":"https:\/\/www.calminia.com\/en\/wp-json\/wp\/v2\/pages"}],"about":[{"href":"https:\/\/www.calminia.com\/en\/wp-json\/wp\/v2\/types\/page"}],"author":[{"embeddable":true,"href":"https:\/\/www.calminia.com\/en\/wp-json\/wp\/v2\/users\/1"}],"replies":[{"embeddable":true,"href":"https:\/\/www.calminia.com\/en\/wp-json\/wp\/v2\/comments?post=870"}],"version-history":[{"count":7,"href":"https:\/\/www.calminia.com\/en\/wp-json\/wp\/v2\/pages\/870\/revisions"}],"predecessor-version":[{"id":1302,"href":"https:\/\/www.calminia.com\/en\/wp-json\/wp\/v2\/pages\/870\/revisions\/1302"}],"up":[{"embeddable":true,"href":"https:\/\/www.calminia.com\/en\/wp-json\/wp\/v2\/pages\/881"}],"wp:featuredmedia":[{"embeddable":true,"href":"https:\/\/www.calminia.com\/en\/wp-json\/wp\/v2\/media\/633"}],"wp:attachment":[{"href":"https:\/\/www.calminia.com\/en\/wp-json\/wp\/v2\/media?parent=870"}],"curies":[{"name":"wp","href":"https:\/\/api.w.org\/{rel}","templated":true}]}}