{"id":868,"date":"2019-02-25T12:38:08","date_gmt":"2019-02-25T11:38:08","guid":{"rendered":"https:\/\/www.calminia.com\/calmiclip\/"},"modified":"2019-03-04T11:47:14","modified_gmt":"2019-03-04T10:47:14","slug":"calmiclip","status":"publish","type":"page","link":"https:\/\/www.calminia.com\/en\/products\/calmiclip\/","title":{"rendered":"Calmiclip\u00ae"},"content":{"rendered":"\n\t<p><strong>CALMICLIP\u00ae is a product concept allowing a simple, fast and highly aesthetic installation of natural stone setts.<\/strong><\/p>\n\t\t\t\t<img decoding=\"async\" loading=\"lazy\" src=\"https:\/\/www.calminia.com\/wp-content\/uploads\/2019\/02\/calmiclip-triangle.jpg\" alt=\"calmiclip triangle calminia pierre naturelle vente fabricant\" itemprop=\"image\" height=\"900\" width=\"900\" title=\"calmiclip-triangle\" onerror=\"this.style.display='none'\"  \/>\n\t<h2>An innovating concept which allow an easier natural stone sett laying. <\/h2>\n<p>&nbsp;<\/p>\n<p><strong>CALMICLIP is composed of a high-strength polypropylene grid of 4 cm thick in which are inserted natural stone setts.<\/strong><\/p>\n<p>Its specifically developed form has many advantages:<\/p>\n<p>&nbsp;<\/p>\n<ul>\n<li>Ultra-resistant thanks to reinforcing bridges and 96 load bearing studs.<\/li>\n<li>Perfectly suitable for for vehicles\u00a0: load of resistance 100 tons per m\u00b2.<\/li>\n<li>Permeable and draining, the system of installation without joint allows a fast return of the rainwater towards the water tables.<\/li>\n<li>Non-slip, surfaces equipped with CALMICLIP\u00ae allow everyone to easily circulate without risk of slipperiness.<\/li>\n<li>CALMICLIP\u00ae is ideally suited for sloping pavers (up to 10%), thus avoiding any stagnation of rainwater and the risk of ice in winter.<\/li>\n<li>The natural stone pavers that come to fill the grid are not a chemical process, but simply mechanical cutting the size and shape needed.<\/li>\n<li>CALMICLIP\u00ae is a French product.<\/li>\n<\/ul>\n\t<h2>Paving has never been so easy !<\/h2>\n<p>&nbsp;<\/p>\n<p>&nbsp;<\/p>\n<ul>\n<li>Simplicity and speed of implementation on previously stabilized soil.<\/li>\n<li>Assembly by casing and clipping<\/li>\n<li>The filling of the grids is done standing (avoiding fatigue and uncomfortable working position).<\/li>\n<li>Cutouts using an angle grinder. Tooling on site is very limited.<\/li>\n<li>No glue, no sealing mortar: the grid materializes the joints between the setts, and presents a regular laying of setts.<\/li>\n<li>Laying at any seasons at +5\u00b0C minimum.<\/li>\n<li>Construction site without difficult cleaning of equipment.<\/li>\n<li>Finishes\u00a0: as sawn, flamed or bush-hammered<\/li>\n<li>Mandatory realization of borders.<\/li>\n<li>Possibility of disassembly and reassembly (pass the electrical conduits and water through grids).<\/li>\n<\/ul>\n\t\t\t\t<img decoding=\"async\" loading=\"lazy\" src=\"https:\/\/www.calminia.com\/wp-content\/uploads\/2019\/03\/schema-pavage-calminia-en.jpg\" alt=\"schema-pavage-calminia-en\" itemprop=\"image\" height=\"453\" width=\"834\" title=\"schema-pavage-calminia-en\" onerror=\"this.style.display='none'\"  \/>\n\t\t\t\t<img decoding=\"async\" loading=\"lazy\" src=\"https:\/\/www.calminia.com\/wp-content\/uploads\/2019\/02\/calmiclip-dallage.jpg\" alt=\"calmiclip dallage calminia pierre naturelle vente fabricant\" itemprop=\"image\" height=\"600\" width=\"900\" title=\"calmiclip-dallage\" onerror=\"this.style.display='none'\"  \/>\n\t<h2>The advantages of Calmiclip, simple and fast laying of natural stone pavers<\/h2>\n<p>&nbsp;<\/p>\n<ul>\n<li>Thickness 4 cm<\/li>\n<li>Pavement\u00a0: 15cm<\/li>\n<li>Resistance to the load: 100 T \/ m2<\/li>\n<li>High resistance grid<\/li>\n<li>Assembly by interlocking and clipping<\/li>\n<li>Non-freezing and non-slip<\/li>\n<li>Seamless laying<\/li>\n<li>Draining<\/li>\n<li>Slope up to 10%<\/li>\n<li>Fast and simple installation: up to 50 m2 to 2 people per day<\/li>\n<li>Laying at any seasons at +5\u00b0C minimum<\/li>\n<li>Immediately suitable for cars.<\/li>\n<li>Removable<\/li>\n<\/ul>\n\t\t\t\t<img decoding=\"async\" loading=\"lazy\" src=\"https:\/\/www.calminia.com\/wp-content\/uploads\/2019\/02\/caracteristiques-calmiclip.jpg\" alt=\"caracteristiques-calmiclip\" itemprop=\"image\" height=\"237\" width=\"1636\" title=\"caracteristiques-calmiclip\" onerror=\"this.style.display='none'\"  \/>\n\t<h2>CALMICLIP\u00ae is recommended for :<\/h2>\n<p>&nbsp;<\/p>\n<ul>\n<li>Aisle<\/li>\n<li>Square<\/li>\n<li>Sidewalks<\/li>\n<li>Downhill of garage<\/li>\n<li>Terrace<\/li>\n<\/ul>\n\t<h2>Complementary products :<\/h2>\n<p>&nbsp;<\/p>\n<ul>\n<li>Border<\/li>\n<li>Light sett<\/li>\n<li>CALMIPROTECT\u00ae\/ CALMICLEAN\u00ae<\/li>\n<\/ul>\n","protected":false},"excerpt":{"rendered":"<p>CALMICLIP\u00ae is a product concept allowing a simple, fast and highly aesthetic installation of natural stone setts. An innovating concept which allow an easier natural stone sett laying. &nbsp; CALMICLIP is composed of a high-strength polypropylene grid of 4 cm thick in which are inserted natural stone setts. Its specifically developed form has many advantages: [&hellip;]<\/p>\n","protected":false},"author":1,"featured_media":652,"parent":881,"menu_order":0,"comment_status":"closed","ping_status":"closed","template":"","meta":[],"acf":[],"yoast_head":"<!-- This site is optimized with the Yoast SEO plugin v20.4 - https:\/\/yoast.com\/wordpress\/plugins\/seo\/ -->\n<title>Calmiclip \u00ae | Pose simple, rapide et esth\u00e9tique de pav\u00e9s en pierre naturelle<\/title>\n<meta name=\"description\" content=\"Calminia vous propose un concept innovant compos\u00e9 d&#039;une grille haute r\u00e9sistance dans laquelle viennent s&#039;ins\u00e9rer des pav\u00e9s taill\u00e9s sur mesure.\" \/>\n<meta name=\"robots\" content=\"index, follow, max-snippet:-1, max-image-preview:large, max-video-preview:-1\" \/>\n<link rel=\"canonical\" href=\"https:\/\/www.calminia.com\/en\/products\/calmiclip\/\" \/>\n<meta property=\"og:locale\" content=\"en_US\" \/>\n<meta property=\"og:type\" content=\"article\" \/>\n<meta property=\"og:title\" content=\"Calmiclip \u00ae | Pose simple, rapide et esth\u00e9tique de pav\u00e9s en pierre naturelle\" \/>\n<meta property=\"og:description\" content=\"Calminia vous propose un concept innovant compos\u00e9 d&#039;une grille haute r\u00e9sistance dans laquelle viennent s&#039;ins\u00e9rer des pav\u00e9s taill\u00e9s sur mesure.\" \/>\n<meta property=\"og:url\" content=\"https:\/\/www.calminia.com\/en\/products\/calmiclip\/\" \/>\n<meta property=\"og:site_name\" content=\"Calminia\" \/>\n<meta property=\"article:modified_time\" content=\"2019-03-04T10:47:14+00:00\" \/>\n<meta property=\"og:image\" content=\"https:\/\/www.calminia.com\/wp-content\/uploads\/2019\/02\/calmiclip-diagonale-double.jpg\" \/>\n\t<meta property=\"og:image:width\" content=\"900\" \/>\n\t<meta property=\"og:image:height\" content=\"600\" \/>\n\t<meta property=\"og:image:type\" content=\"image\/jpeg\" \/>\n<meta name=\"twitter:card\" content=\"summary_large_image\" \/>\n<meta name=\"twitter:label1\" content=\"Est. reading time\" \/>\n\t<meta name=\"twitter:data1\" content=\"2 minutes\" \/>\n<script type=\"application\/ld+json\" class=\"yoast-schema-graph\">{\"@context\":\"https:\/\/schema.org\",\"@graph\":[{\"@type\":\"WebPage\",\"@id\":\"https:\/\/www.calminia.com\/en\/products\/calmiclip\/\",\"url\":\"https:\/\/www.calminia.com\/en\/products\/calmiclip\/\",\"name\":\"Calmiclip \u00ae | Pose simple, rapide et esth\u00e9tique de pav\u00e9s en pierre naturelle\",\"isPartOf\":{\"@id\":\"https:\/\/www.calminia.com\/#website\"},\"datePublished\":\"2019-02-25T11:38:08+00:00\",\"dateModified\":\"2019-03-04T10:47:14+00:00\",\"description\":\"Calminia vous propose un concept innovant compos\u00e9 d'une grille haute r\u00e9sistance dans laquelle viennent s'ins\u00e9rer des pav\u00e9s taill\u00e9s sur mesure.\",\"breadcrumb\":{\"@id\":\"https:\/\/www.calminia.com\/en\/products\/calmiclip\/#breadcrumb\"},\"inLanguage\":\"en-US\",\"potentialAction\":[{\"@type\":\"ReadAction\",\"target\":[\"https:\/\/www.calminia.com\/en\/products\/calmiclip\/\"]}]},{\"@type\":\"BreadcrumbList\",\"@id\":\"https:\/\/www.calminia.com\/en\/products\/calmiclip\/#breadcrumb\",\"itemListElement\":[{\"@type\":\"ListItem\",\"position\":1,\"name\":\"Accueil\",\"item\":\"https:\/\/www.calminia.com\/en\/\"},{\"@type\":\"ListItem\",\"position\":2,\"name\":\"Products for maintenance and laying of natural stones\",\"item\":\"https:\/\/www.calminia.com\/en\/products\/\"},{\"@type\":\"ListItem\",\"position\":3,\"name\":\"Calmiclip\u00ae\"}]},{\"@type\":\"WebSite\",\"@id\":\"https:\/\/www.calminia.com\/#website\",\"url\":\"https:\/\/www.calminia.com\/\",\"name\":\"Calminia\",\"description\":\"\",\"potentialAction\":[{\"@type\":\"SearchAction\",\"target\":{\"@type\":\"EntryPoint\",\"urlTemplate\":\"https:\/\/www.calminia.com\/?s={search_term_string}\"},\"query-input\":\"required name=search_term_string\"}],\"inLanguage\":\"en-US\"}]}<\/script>\n<!-- \/ Yoast SEO plugin. -->","yoast_head_json":{"title":"Calmiclip \u00ae | Pose simple, rapide et esth\u00e9tique de pav\u00e9s en pierre naturelle","description":"Calminia vous propose un concept innovant compos\u00e9 d'une grille haute r\u00e9sistance dans laquelle viennent s'ins\u00e9rer des pav\u00e9s taill\u00e9s sur mesure.","robots":{"index":"index","follow":"follow","max-snippet":"max-snippet:-1","max-image-preview":"max-image-preview:large","max-video-preview":"max-video-preview:-1"},"canonical":"https:\/\/www.calminia.com\/en\/products\/calmiclip\/","og_locale":"en_US","og_type":"article","og_title":"Calmiclip \u00ae | Pose simple, rapide et esth\u00e9tique de pav\u00e9s en pierre naturelle","og_description":"Calminia vous propose un concept innovant compos\u00e9 d'une grille haute r\u00e9sistance dans laquelle viennent s'ins\u00e9rer des pav\u00e9s taill\u00e9s sur mesure.","og_url":"https:\/\/www.calminia.com\/en\/products\/calmiclip\/","og_site_name":"Calminia","article_modified_time":"2019-03-04T10:47:14+00:00","og_image":[{"width":900,"height":600,"url":"https:\/\/www.calminia.com\/wp-content\/uploads\/2019\/02\/calmiclip-diagonale-double.jpg","type":"image\/jpeg"}],"twitter_card":"summary_large_image","twitter_misc":{"Est. reading time":"2 minutes"},"schema":{"@context":"https:\/\/schema.org","@graph":[{"@type":"WebPage","@id":"https:\/\/www.calminia.com\/en\/products\/calmiclip\/","url":"https:\/\/www.calminia.com\/en\/products\/calmiclip\/","name":"Calmiclip \u00ae | Pose simple, rapide et esth\u00e9tique de pav\u00e9s en pierre naturelle","isPartOf":{"@id":"https:\/\/www.calminia.com\/#website"},"datePublished":"2019-02-25T11:38:08+00:00","dateModified":"2019-03-04T10:47:14+00:00","description":"Calminia vous propose un concept innovant compos\u00e9 d'une grille haute r\u00e9sistance dans laquelle viennent s'ins\u00e9rer des pav\u00e9s taill\u00e9s sur mesure.","breadcrumb":{"@id":"https:\/\/www.calminia.com\/en\/products\/calmiclip\/#breadcrumb"},"inLanguage":"en-US","potentialAction":[{"@type":"ReadAction","target":["https:\/\/www.calminia.com\/en\/products\/calmiclip\/"]}]},{"@type":"BreadcrumbList","@id":"https:\/\/www.calminia.com\/en\/products\/calmiclip\/#breadcrumb","itemListElement":[{"@type":"ListItem","position":1,"name":"Accueil","item":"https:\/\/www.calminia.com\/en\/"},{"@type":"ListItem","position":2,"name":"Products for maintenance and laying of natural stones","item":"https:\/\/www.calminia.com\/en\/products\/"},{"@type":"ListItem","position":3,"name":"Calmiclip\u00ae"}]},{"@type":"WebSite","@id":"https:\/\/www.calminia.com\/#website","url":"https:\/\/www.calminia.com\/","name":"Calminia","description":"","potentialAction":[{"@type":"SearchAction","target":{"@type":"EntryPoint","urlTemplate":"https:\/\/www.calminia.com\/?s={search_term_string}"},"query-input":"required name=search_term_string"}],"inLanguage":"en-US"}]}},"_links":{"self":[{"href":"https:\/\/www.calminia.com\/en\/wp-json\/wp\/v2\/pages\/868"}],"collection":[{"href":"https:\/\/www.calminia.com\/en\/wp-json\/wp\/v2\/pages"}],"about":[{"href":"https:\/\/www.calminia.com\/en\/wp-json\/wp\/v2\/types\/page"}],"author":[{"embeddable":true,"href":"https:\/\/www.calminia.com\/en\/wp-json\/wp\/v2\/users\/1"}],"replies":[{"embeddable":true,"href":"https:\/\/www.calminia.com\/en\/wp-json\/wp\/v2\/comments?post=868"}],"version-history":[{"count":2,"href":"https:\/\/www.calminia.com\/en\/wp-json\/wp\/v2\/pages\/868\/revisions"}],"predecessor-version":[{"id":885,"href":"https:\/\/www.calminia.com\/en\/wp-json\/wp\/v2\/pages\/868\/revisions\/885"}],"up":[{"embeddable":true,"href":"https:\/\/www.calminia.com\/en\/wp-json\/wp\/v2\/pages\/881"}],"wp:featuredmedia":[{"embeddable":true,"href":"https:\/\/www.calminia.com\/en\/wp-json\/wp\/v2\/media\/652"}],"wp:attachment":[{"href":"https:\/\/www.calminia.com\/en\/wp-json\/wp\/v2\/media?parent=868"}],"curies":[{"name":"wp","href":"https:\/\/api.w.org\/{rel}","templated":true}]}}