{"id":864,"date":"2018-07-03T13:58:19","date_gmt":"2018-07-03T12:58:19","guid":{"rendered":"https:\/\/www.calminia.com\/about-us\/les-finitions\/"},"modified":"2019-03-01T18:12:11","modified_gmt":"2019-03-01T17:12:11","slug":"finishes-and-solutions-adapted-to-all-development-projects","status":"publish","type":"page","link":"https:\/\/www.calminia.com\/en\/about-us\/finishes-and-solutions-adapted-to-all-development-projects\/","title":{"rendered":"Finishes and solutions adapted to all development projects"},"content":{"rendered":"\n\t<p><strong>After the quarry extraction, the massive natural blocks from 2 to 10 tons are received to the sawing station. Then come the transformation stages and the finishes stages.<\/strong><\/p>\n\t<h2>As sawn<\/h2>\n<p>&nbsp;<\/p>\n<p>Products (setts, slabs, edge stones, etc.) leaving the production line after the sawing and finishing stations (1\/4 round or chamfer, if applicable). They may still bear fairly slight marks left by the multiblade or disc saws. These traces will eventually disappear with time as the stones acquire their natural.<\/p>\n\t\t\t\t<img decoding=\"async\" loading=\"lazy\" src=\"https:\/\/www.calminia.com\/wp-content\/uploads\/2018\/12\/Dalle-brut-de-sciage-Ocre-Beige.jpg\" alt=\"dalle brut de sciage ocre beige calminia pierre naturelle vente fabricant\" itemprop=\"image\" height=\"567\" width=\"417\" title=\"Dalle brut de sciage Ocre Beige\" onerror=\"this.style.display='none'\"  \/>\n\t\t\t\t<img decoding=\"async\" loading=\"lazy\" src=\"https:\/\/www.calminia.com\/wp-content\/uploads\/2018\/12\/Dalle-bouchardee-fin-ocre-beige.jpg\" alt=\"dalle bouchard\u00e9e fin ocre beige calminia pierre naturelle vente fabricant\" itemprop=\"image\" height=\"567\" width=\"421\" title=\"Dalle bouchardee fin ocre beige\" onerror=\"this.style.display='none'\"  \/>\n\t<h2>Bush-hammered or fine bush-hammered<\/h2>\n<p>&nbsp;<\/p>\n<p>Products passed under a rotating wheel bearing tooth of different degrees of fineness. This scores the stone, giving it a roughened appearance, the coarseness being determined by the number of teeth on the wheel. (This generates an additional gripping layer and enhances the non-slip action of the stone).\u00a0<\/p>\n\t<h2>Ground<\/h2>\n<p>&nbsp;<\/p>\n<p>Products ground with a rotary tool and a coarser or finer-grain abrasive disc to remove the saw marks. This finish generates fine traces like scratches on the surface of the stone and gives it a mechanical patina.<\/p>\n\t\t\t\t<img decoding=\"async\" loading=\"lazy\" src=\"https:\/\/www.calminia.com\/wp-content\/uploads\/2018\/12\/Dalle-egresee-Banc-D.jpg\" alt=\"dalle egresee banc d calminia pierre naturelle vente fabricant\" itemprop=\"image\" height=\"567\" width=\"755\" title=\"Dalle egresee Banc D\" onerror=\"this.style.display='none'\"  \/>\n\t\t\t\t<img decoding=\"async\" loading=\"lazy\" src=\"https:\/\/www.calminia.com\/wp-content\/uploads\/2018\/12\/Dalle-flammee-Banc-D.jpg\" alt=\"dalle flammee banc d calminia pierre naturelle vente fabricant\" itemprop=\"image\" height=\"567\" width=\"755\" title=\"Dalle flammee Banc D\" onerror=\"this.style.display='none'\"  \/>\n\t<h2>Flamed<\/h2>\n<p>&nbsp;<\/p>\n<p>Products passed beneath a flame head. This creates a chemical reaction between the binary gases and the iron oxides in the stone, giving it a rough, non-slip appearance. The process does not alter the intrinsic qualities of the stone, but only modifies the surface layer. (This generates an additional gripping layer and enhances the non-slip action of the stone).<\/p>\n\t<h2> Smoothed<\/h2>\n<p>&nbsp;<\/p>\n<p>Products ground with a rotary tool and a very fine-grain abrasive disc. This finish renders the surface of the stone completely smooth. (To be used only for worktops, interior paving, decorations or monumental masonry).<\/p>\n\t\t\t\t<img decoding=\"async\" loading=\"lazy\" src=\"https:\/\/www.calminia.com\/wp-content\/uploads\/2018\/12\/Dalle-adoucie-Ocre-beige.jpg\" alt=\"dalle adoucie ocre beige calminia pierre naturelle vente fabricant\" itemprop=\"image\" height=\"567\" width=\"419\" title=\"Dalle adoucie Ocre beige\" onerror=\"this.style.display='none'\"  \/>\n\t\t\t\t<img decoding=\"async\" loading=\"lazy\" src=\"https:\/\/www.calminia.com\/wp-content\/uploads\/2018\/12\/Dalle-flammee-brossee-ocre-Beige-3.jpg\" alt=\"dalle flammee brossee ocre beige calminia pierre naturelle vente fabricant\" itemprop=\"image\" height=\"567\" width=\"755\" title=\"Dalle flammee brossee ocre Beige (3)\" onerror=\"this.style.display='none'\"  \/>\n\t<h2>Flamed and brushed<\/h2>\n<p>&nbsp;<\/p>\n<p>Finish obtained in two phases, flaming followed by brushing. (To be used only for worktops, interior paving, decorations or monumental masonry).<\/p>\n\t<h2>Polished<\/h2>\n<p>&nbsp;<\/p>\n<p>Products ground with a rotary tool and a very fine-grain abrasive disc. This finish renders the surface of the stone completely smooth and glossy. (To be used only for worktops, interior paving, decorations or monumental masonry).<\/p>\n\t\t\t\t<img decoding=\"async\" loading=\"lazy\" src=\"https:\/\/www.calminia.com\/wp-content\/uploads\/2018\/12\/Dalle-polie-Ocre-beige-calminia.jpg\" alt=\"dalle polie ocre beige calminia calminia pierre naturelle vente fabricant\" itemprop=\"image\" height=\"600\" width=\"444\" title=\"Dalle-polie-Ocre-beige-calminia\" onerror=\"this.style.display='none'\"  \/>\n\t\t\t\t<img decoding=\"async\" loading=\"lazy\" src=\"https:\/\/www.calminia.com\/wp-content\/uploads\/2018\/12\/pave-confort-vieilli-Ocre-beige.jpg\" alt=\"pav\u00e9 confort vieilli ocre beige calminia pierre naturelle vente fabricant\" itemprop=\"image\" height=\"567\" width=\"426\" title=\"pave confort vieilli Ocre beige\" onerror=\"this.style.display='none'\"  \/>\n\t<h2>Ageing of setts and walling stones<\/h2>\n<p>&nbsp;<\/p>\n<p>Finish obtained by passing the setts through a tunnel. They knock against each other, eroding the sharp edges and giving the sett an older, more rustic look. <\/p>\n\t<h2>Brushed<\/h2>\n<p>&nbsp;<\/p>\n<p>Products having the visible face of the stone brushed with a rotary mechanical brush equipped with diamonds. This operation creates a texture on the stone while smoothing it. (To be used only for worktops, interior paving, decorations or monumental masonry). <\/p>\n\t\t\t\t<img decoding=\"async\" loading=\"lazy\" src=\"https:\/\/www.calminia.com\/wp-content\/uploads\/2018\/12\/Dalle-brossee-Ocre-Beige.jpg\" alt=\"dalle bross\u00e9e ocre beige calminia pierre naturelle vente fabricant\" itemprop=\"image\" height=\"567\" width=\"755\" title=\"Dalle brossee Ocre Beige\" onerror=\"this.style.display='none'\"  \/>\n\t\t\t\t<img decoding=\"async\" loading=\"lazy\" src=\"https:\/\/www.calminia.com\/wp-content\/uploads\/2018\/12\/Dalle-BDS-aretes-epauffrees.jpg\" alt=\"dalle bds arretes epauffr\u00e9es calminia pierre naturelle vente fabricant\" itemprop=\"image\" height=\"567\" width=\"755\" title=\"Dalle BDS aretes epauffrees\" onerror=\"this.style.display='none'\"  \/>\n\t<h2>Angles hammered or dulled<\/h2>\n<p>&nbsp;<\/p>\n<p>Light mechanical pressure is applied to the angle with a rotary or percussive pneumatic tool to chip it and give it an aged appearance.<\/p>\n\t<h3><strong>1\/4 round<\/strong><\/h3>\n<p>&nbsp;<\/p>\n<p>Products (slabs, kerbstones, etc) mechanically milled to round the angle. The radius of the \u00bc can be varied, 1.5 \u2013 2 \u2013 3cm according to the customer\u2019s wishes.<\/p>\n\t\t\t\t<img decoding=\"async\" loading=\"lazy\" src=\"https:\/\/www.calminia.com\/wp-content\/uploads\/2018\/12\/Dalle-BDS-4x-1-4-de-rond.jpg\" alt=\"dalle bds 4x 1-4 de rond calminia pierre naturelle vente fabricant\" itemprop=\"image\" height=\"567\" width=\"755\" title=\"Dalle BDS 4x 1-4 de rond\" onerror=\"this.style.display='none'\"  \/>\n\t\t\t\t<img decoding=\"async\" loading=\"lazy\" src=\"https:\/\/www.calminia.com\/wp-content\/uploads\/2018\/12\/Chanfrein.jpg\" alt=\"chanfrein calminia pierre naturelle vente fabricant\" itemprop=\"image\" height=\"567\" width=\"755\" title=\"Chanfrein\" onerror=\"this.style.display='none'\"  \/>\n\t<h3><strong>Chamfer<\/strong><\/h3>\n<h3><strong>\u00a0<\/strong><\/h3>\n<p>Products (slabs, kerbstones, etc) mechanically milled to flatten the angle. The radius of the chamfer can be varied, 1.5 \u2013 2 \u2013 3cm according to the customer\u2019s wishes.<\/p>\n","protected":false},"excerpt":{"rendered":"<p>After the quarry extraction, the massive natural blocks from 2 to 10 tons are received to the sawing station. Then come the transformation stages and the finishes stages. As sawn &nbsp; Products (setts, slabs, edge stones, etc.) leaving the production line after the sawing and finishing stations (1\/4 round or chamfer, if applicable). They may [&hellip;]<\/p>\n","protected":false},"author":1,"featured_media":0,"parent":832,"menu_order":0,"comment_status":"closed","ping_status":"closed","template":"","meta":[],"acf":[],"yoast_head":"<!-- This site is optimized with the Yoast SEO plugin v20.4 - https:\/\/yoast.com\/wordpress\/plugins\/seo\/ -->\n<title>Finitions &amp; Solutions Adapt\u00e9es | Fabricant et Vente De Pierres Naturelles<\/title>\n<meta name=\"description\" content=\"Calminia, des finitions et solutions adapt\u00e9es \u00e0 tous les projets d&#039;am\u00e9nagements. L&#039;extraction, la transformation et finition pour chaque pierre naturelle.\" \/>\n<meta name=\"robots\" content=\"index, follow, max-snippet:-1, max-image-preview:large, max-video-preview:-1\" \/>\n<link rel=\"canonical\" href=\"https:\/\/www.calminia.com\/en\/about-us\/finishes-and-solutions-adapted-to-all-development-projects\/\" \/>\n<meta property=\"og:locale\" content=\"en_US\" \/>\n<meta property=\"og:type\" content=\"article\" \/>\n<meta property=\"og:title\" content=\"Finitions &amp; Solutions Adapt\u00e9es | Fabricant et Vente De Pierres Naturelles\" \/>\n<meta property=\"og:description\" content=\"Calminia, des finitions et solutions adapt\u00e9es \u00e0 tous les projets d&#039;am\u00e9nagements. L&#039;extraction, la transformation et finition pour chaque pierre naturelle.\" \/>\n<meta property=\"og:url\" content=\"https:\/\/www.calminia.com\/en\/about-us\/finishes-and-solutions-adapted-to-all-development-projects\/\" \/>\n<meta property=\"og:site_name\" content=\"Calminia\" \/>\n<meta property=\"article:modified_time\" content=\"2019-03-01T17:12:11+00:00\" \/>\n<meta property=\"og:image\" content=\"https:\/\/www.calminia.com\/wp-content\/uploads\/2018\/12\/Dalle-brut-de-sciage-Ocre-Beige.jpg\" \/>\n<meta name=\"twitter:card\" content=\"summary_large_image\" \/>\n<meta name=\"twitter:label1\" content=\"Est. reading time\" \/>\n\t<meta name=\"twitter:data1\" content=\"2 minutes\" \/>\n<script type=\"application\/ld+json\" class=\"yoast-schema-graph\">{\"@context\":\"https:\/\/schema.org\",\"@graph\":[{\"@type\":\"WebPage\",\"@id\":\"https:\/\/www.calminia.com\/en\/about-us\/finishes-and-solutions-adapted-to-all-development-projects\/\",\"url\":\"https:\/\/www.calminia.com\/en\/about-us\/finishes-and-solutions-adapted-to-all-development-projects\/\",\"name\":\"Finitions & Solutions Adapt\u00e9es | Fabricant et Vente De Pierres Naturelles\",\"isPartOf\":{\"@id\":\"https:\/\/www.calminia.com\/#website\"},\"datePublished\":\"2018-07-03T12:58:19+00:00\",\"dateModified\":\"2019-03-01T17:12:11+00:00\",\"description\":\"Calminia, des finitions et solutions adapt\u00e9es \u00e0 tous les projets d'am\u00e9nagements. L'extraction, la transformation et finition pour chaque pierre naturelle.\",\"breadcrumb\":{\"@id\":\"https:\/\/www.calminia.com\/en\/about-us\/finishes-and-solutions-adapted-to-all-development-projects\/#breadcrumb\"},\"inLanguage\":\"en-US\",\"potentialAction\":[{\"@type\":\"ReadAction\",\"target\":[\"https:\/\/www.calminia.com\/en\/about-us\/finishes-and-solutions-adapted-to-all-development-projects\/\"]}]},{\"@type\":\"BreadcrumbList\",\"@id\":\"https:\/\/www.calminia.com\/en\/about-us\/finishes-and-solutions-adapted-to-all-development-projects\/#breadcrumb\",\"itemListElement\":[{\"@type\":\"ListItem\",\"position\":1,\"name\":\"Accueil\",\"item\":\"https:\/\/www.calminia.com\/en\/\"},{\"@type\":\"ListItem\",\"position\":2,\"name\":\"About us\",\"item\":\"https:\/\/www.calminia.com\/en\/about-us\/\"},{\"@type\":\"ListItem\",\"position\":3,\"name\":\"Finishes and solutions adapted to all development projects\"}]},{\"@type\":\"WebSite\",\"@id\":\"https:\/\/www.calminia.com\/#website\",\"url\":\"https:\/\/www.calminia.com\/\",\"name\":\"Calminia\",\"description\":\"\",\"potentialAction\":[{\"@type\":\"SearchAction\",\"target\":{\"@type\":\"EntryPoint\",\"urlTemplate\":\"https:\/\/www.calminia.com\/?s={search_term_string}\"},\"query-input\":\"required name=search_term_string\"}],\"inLanguage\":\"en-US\"}]}<\/script>\n<!-- \/ Yoast SEO plugin. -->","yoast_head_json":{"title":"Finitions & Solutions Adapt\u00e9es | Fabricant et Vente De Pierres Naturelles","description":"Calminia, des finitions et solutions adapt\u00e9es \u00e0 tous les projets d'am\u00e9nagements. L'extraction, la transformation et finition pour chaque pierre naturelle.","robots":{"index":"index","follow":"follow","max-snippet":"max-snippet:-1","max-image-preview":"max-image-preview:large","max-video-preview":"max-video-preview:-1"},"canonical":"https:\/\/www.calminia.com\/en\/about-us\/finishes-and-solutions-adapted-to-all-development-projects\/","og_locale":"en_US","og_type":"article","og_title":"Finitions & Solutions Adapt\u00e9es | Fabricant et Vente De Pierres Naturelles","og_description":"Calminia, des finitions et solutions adapt\u00e9es \u00e0 tous les projets d'am\u00e9nagements. L'extraction, la transformation et finition pour chaque pierre naturelle.","og_url":"https:\/\/www.calminia.com\/en\/about-us\/finishes-and-solutions-adapted-to-all-development-projects\/","og_site_name":"Calminia","article_modified_time":"2019-03-01T17:12:11+00:00","og_image":[{"url":"https:\/\/www.calminia.com\/wp-content\/uploads\/2018\/12\/Dalle-brut-de-sciage-Ocre-Beige.jpg"}],"twitter_card":"summary_large_image","twitter_misc":{"Est. reading time":"2 minutes"},"schema":{"@context":"https:\/\/schema.org","@graph":[{"@type":"WebPage","@id":"https:\/\/www.calminia.com\/en\/about-us\/finishes-and-solutions-adapted-to-all-development-projects\/","url":"https:\/\/www.calminia.com\/en\/about-us\/finishes-and-solutions-adapted-to-all-development-projects\/","name":"Finitions & Solutions Adapt\u00e9es | Fabricant et Vente De Pierres Naturelles","isPartOf":{"@id":"https:\/\/www.calminia.com\/#website"},"datePublished":"2018-07-03T12:58:19+00:00","dateModified":"2019-03-01T17:12:11+00:00","description":"Calminia, des finitions et solutions adapt\u00e9es \u00e0 tous les projets d'am\u00e9nagements. L'extraction, la transformation et finition pour chaque pierre naturelle.","breadcrumb":{"@id":"https:\/\/www.calminia.com\/en\/about-us\/finishes-and-solutions-adapted-to-all-development-projects\/#breadcrumb"},"inLanguage":"en-US","potentialAction":[{"@type":"ReadAction","target":["https:\/\/www.calminia.com\/en\/about-us\/finishes-and-solutions-adapted-to-all-development-projects\/"]}]},{"@type":"BreadcrumbList","@id":"https:\/\/www.calminia.com\/en\/about-us\/finishes-and-solutions-adapted-to-all-development-projects\/#breadcrumb","itemListElement":[{"@type":"ListItem","position":1,"name":"Accueil","item":"https:\/\/www.calminia.com\/en\/"},{"@type":"ListItem","position":2,"name":"About us","item":"https:\/\/www.calminia.com\/en\/about-us\/"},{"@type":"ListItem","position":3,"name":"Finishes and solutions adapted to all development projects"}]},{"@type":"WebSite","@id":"https:\/\/www.calminia.com\/#website","url":"https:\/\/www.calminia.com\/","name":"Calminia","description":"","potentialAction":[{"@type":"SearchAction","target":{"@type":"EntryPoint","urlTemplate":"https:\/\/www.calminia.com\/?s={search_term_string}"},"query-input":"required name=search_term_string"}],"inLanguage":"en-US"}]}},"_links":{"self":[{"href":"https:\/\/www.calminia.com\/en\/wp-json\/wp\/v2\/pages\/864"}],"collection":[{"href":"https:\/\/www.calminia.com\/en\/wp-json\/wp\/v2\/pages"}],"about":[{"href":"https:\/\/www.calminia.com\/en\/wp-json\/wp\/v2\/types\/page"}],"author":[{"embeddable":true,"href":"https:\/\/www.calminia.com\/en\/wp-json\/wp\/v2\/users\/1"}],"replies":[{"embeddable":true,"href":"https:\/\/www.calminia.com\/en\/wp-json\/wp\/v2\/comments?post=864"}],"version-history":[{"count":3,"href":"https:\/\/www.calminia.com\/en\/wp-json\/wp\/v2\/pages\/864\/revisions"}],"predecessor-version":[{"id":867,"href":"https:\/\/www.calminia.com\/en\/wp-json\/wp\/v2\/pages\/864\/revisions\/867"}],"up":[{"embeddable":true,"href":"https:\/\/www.calminia.com\/en\/wp-json\/wp\/v2\/pages\/832"}],"wp:attachment":[{"href":"https:\/\/www.calminia.com\/en\/wp-json\/wp\/v2\/media?parent=864"}],"curies":[{"name":"wp","href":"https:\/\/api.w.org\/{rel}","templated":true}]}}