{"id":857,"date":"2018-07-03T13:58:47","date_gmt":"2018-07-03T12:58:47","guid":{"rendered":"https:\/\/www.calminia.com\/about-us\/natural-stones-production\/gres\/"},"modified":"2019-03-01T17:58:25","modified_gmt":"2019-03-01T16:58:25","slug":"sandstone","status":"publish","type":"page","link":"https:\/\/www.calminia.com\/en\/about-us\/natural-stones-production\/sandstone\/","title":{"rendered":"Sandstone"},"content":{"rendered":"\n\t<p><strong>KERALA\u00ae is the most unchanging sandstone though time.<\/strong><\/p>\n<p>Calminia brings you back a few millions years ago with the KERALA\u00ae sandstone. KERALA is coming from a sedimentary rock and has an exceptionnal quality of stone. Particularly appreciate for its qualities of resistance to climatic or chemical aggressions. <\/p>\n<p>With our experience, we can also affirm that this durable natural stone beautifies itself with time..<\/p>\n\t<p>Whith it large shades of colors, the KERALA sandstone allows very harmonious combinations with old and modern architecures.<\/p>\n\t\t\t\t<img decoding=\"async\" loading=\"lazy\" src=\"https:\/\/www.calminia.com\/wp-content\/uploads\/2019\/01\/pave-gres-kerala.jpg\" alt=\"pav\u00e9 gres kerala calminia pierre naturelle vente fabricant\" itemprop=\"image\" height=\"800\" width=\"1200\" title=\"pave-gres-kerala\" onerror=\"this.style.display='none'\"  \/>\n\t\t\t\t<img decoding=\"async\" loading=\"lazy\" src=\"https:\/\/www.calminia.com\/wp-content\/uploads\/2019\/01\/bordure-gres-kerala.jpg\" alt=\"bordure gr\u00e9s kerala vente fabrication pierre naturelle calminia\" itemprop=\"image\" height=\"800\" width=\"1200\" title=\"bordure-gres-kerala\" onerror=\"this.style.display='none'\"  \/>\n\t<p>On the technical side, it perfectly adapt to the safety regulations concerning the risks of slipping. It\u2019s really simple to lay it and has a good value for money. KERALA is a sandstone highly demanding thanks to : <\/p>\n<p><strong>\u00a0<\/strong><\/p>\n<ul>\n<li>A wide range of products : setts, borders (many formats available).<\/li>\n<li>A unique finish appearance with a large range of colors from beige-ocher to pink or orange.<\/li>\n<li>Finishes : CALMINIA\u00ae give you on the possibility to chose your finishes.<\/li>\n<li>Calibrated product.<\/li>\n<\/ul>\n\t<p>KERALA is a sandstone extracted from one of the largest quarry sandstone in India. It is responding to an ethical approach where child labour is prohibited and significantly puniched. In addition, a quarry operating charter is scrupulously respected in order to control a process that respects environmental conditions (rentetion pond \/ return of embankments in quarry\u2026).<\/p>\n\t\t\t\t<img decoding=\"async\" src=\"https:\/\/www.calminia.com\/wp-content\/uploads\/2018\/10\/quote-gauche.png\" alt=\"quote-gauche\" itemprop=\"image\" title=\"quote-gauche\" onerror=\"this.style.display='none'\"  \/>\n\t<p>Thanks to our A.E.O certification, import and international transport procedures are simplified. The delivery time are also reduced.<\/p>\n\t\t\t\t<img decoding=\"async\" src=\"https:\/\/www.calminia.com\/wp-content\/uploads\/2018\/10\/quote-droite.png\" alt=\"quote-droite\" itemprop=\"image\" title=\"quote-droite\" onerror=\"this.style.display='none'\"  \/>\n\t\t\t\t<img decoding=\"async\" src=\"https:\/\/www.calminia.com\/wp-content\/uploads\/2018\/10\/warning.png\" alt=\"warning\" itemprop=\"image\" title=\"warning\" onerror=\"this.style.display='none'\"  \/>\n\t<p>Please note that : <\/p>\n<em>KERALA\u00ae is registered trademark \u2013 exclusive sandstone which improves the range of CALMINIA\u00ae products.<br \/>\nKERALA\u00ae is a sandstone of ethical quality : non-freezing, low slip, suitable for cars, long working life and good value for money\n","protected":false},"excerpt":{"rendered":"<p>KERALA\u00ae is the most unchanging sandstone though time. Calminia brings you back a few millions years ago with the KERALA\u00ae sandstone. KERALA is coming from a sedimentary rock and has an exceptionnal quality of stone. Particularly appreciate for its qualities of resistance to climatic or chemical aggressions. With our experience, we can also affirm that [&hellip;]<\/p>\n","protected":false},"author":1,"featured_media":0,"parent":851,"menu_order":0,"comment_status":"closed","ping_status":"closed","template":"","meta":[],"acf":[],"yoast_head":"<!-- This site is optimized with the Yoast SEO plugin v20.4 - https:\/\/yoast.com\/wordpress\/plugins\/seo\/ -->\n<title>Gr\u00e8s Pour Pav\u00e9, Dalle, Bordure | Fabricant Pierres Naturelles | Calminia<\/title>\n<meta name=\"description\" content=\"Calminia pr\u00e9sente KERALA \u00ae, une qualit\u00e9 et un caract\u00e8re de pierre hors du commun issu de la formation de roches s\u00e9dimentaires silicieuses.\" \/>\n<meta name=\"robots\" content=\"index, follow, max-snippet:-1, max-image-preview:large, max-video-preview:-1\" \/>\n<link rel=\"canonical\" href=\"https:\/\/www.calminia.com\/en\/about-us\/natural-stones-production\/sandstone\/\" \/>\n<meta property=\"og:locale\" content=\"en_US\" \/>\n<meta property=\"og:type\" content=\"article\" \/>\n<meta property=\"og:title\" content=\"Gr\u00e8s Pour Pav\u00e9, Dalle, Bordure | Fabricant Pierres Naturelles | Calminia\" \/>\n<meta property=\"og:description\" content=\"Calminia pr\u00e9sente KERALA \u00ae, une qualit\u00e9 et un caract\u00e8re de pierre hors du commun issu de la formation de roches s\u00e9dimentaires silicieuses.\" \/>\n<meta property=\"og:url\" content=\"https:\/\/www.calminia.com\/en\/about-us\/natural-stones-production\/sandstone\/\" \/>\n<meta property=\"og:site_name\" content=\"Calminia\" \/>\n<meta property=\"article:modified_time\" content=\"2019-03-01T16:58:25+00:00\" \/>\n<meta property=\"og:image\" content=\"https:\/\/www.calminia.com\/wp-content\/uploads\/2019\/01\/pave-gres-kerala.jpg\" \/>\n<meta name=\"twitter:card\" content=\"summary_large_image\" \/>\n<meta name=\"twitter:label1\" content=\"Est. reading time\" \/>\n\t<meta name=\"twitter:data1\" content=\"1 minute\" \/>\n<script type=\"application\/ld+json\" class=\"yoast-schema-graph\">{\"@context\":\"https:\/\/schema.org\",\"@graph\":[{\"@type\":\"WebPage\",\"@id\":\"https:\/\/www.calminia.com\/en\/about-us\/natural-stones-production\/sandstone\/\",\"url\":\"https:\/\/www.calminia.com\/en\/about-us\/natural-stones-production\/sandstone\/\",\"name\":\"Gr\u00e8s Pour Pav\u00e9, Dalle, Bordure | Fabricant Pierres Naturelles | Calminia\",\"isPartOf\":{\"@id\":\"https:\/\/www.calminia.com\/#website\"},\"datePublished\":\"2018-07-03T12:58:47+00:00\",\"dateModified\":\"2019-03-01T16:58:25+00:00\",\"description\":\"Calminia pr\u00e9sente KERALA \u00ae, une qualit\u00e9 et un caract\u00e8re de pierre hors du commun issu de la formation de roches s\u00e9dimentaires silicieuses.\",\"breadcrumb\":{\"@id\":\"https:\/\/www.calminia.com\/en\/about-us\/natural-stones-production\/sandstone\/#breadcrumb\"},\"inLanguage\":\"en-US\",\"potentialAction\":[{\"@type\":\"ReadAction\",\"target\":[\"https:\/\/www.calminia.com\/en\/about-us\/natural-stones-production\/sandstone\/\"]}]},{\"@type\":\"BreadcrumbList\",\"@id\":\"https:\/\/www.calminia.com\/en\/about-us\/natural-stones-production\/sandstone\/#breadcrumb\",\"itemListElement\":[{\"@type\":\"ListItem\",\"position\":1,\"name\":\"Accueil\",\"item\":\"https:\/\/www.calminia.com\/en\/\"},{\"@type\":\"ListItem\",\"position\":2,\"name\":\"About us\",\"item\":\"https:\/\/www.calminia.com\/en\/about-us\/\"},{\"@type\":\"ListItem\",\"position\":3,\"name\":\"Natural stones production\",\"item\":\"https:\/\/www.calminia.com\/en\/about-us\/natural-stones-production\/\"},{\"@type\":\"ListItem\",\"position\":4,\"name\":\"Sandstone\"}]},{\"@type\":\"WebSite\",\"@id\":\"https:\/\/www.calminia.com\/#website\",\"url\":\"https:\/\/www.calminia.com\/\",\"name\":\"Calminia\",\"description\":\"\",\"potentialAction\":[{\"@type\":\"SearchAction\",\"target\":{\"@type\":\"EntryPoint\",\"urlTemplate\":\"https:\/\/www.calminia.com\/?s={search_term_string}\"},\"query-input\":\"required name=search_term_string\"}],\"inLanguage\":\"en-US\"}]}<\/script>\n<!-- \/ Yoast SEO plugin. -->","yoast_head_json":{"title":"Gr\u00e8s Pour Pav\u00e9, Dalle, Bordure | Fabricant Pierres Naturelles | Calminia","description":"Calminia pr\u00e9sente KERALA \u00ae, une qualit\u00e9 et un caract\u00e8re de pierre hors du commun issu de la formation de roches s\u00e9dimentaires silicieuses.","robots":{"index":"index","follow":"follow","max-snippet":"max-snippet:-1","max-image-preview":"max-image-preview:large","max-video-preview":"max-video-preview:-1"},"canonical":"https:\/\/www.calminia.com\/en\/about-us\/natural-stones-production\/sandstone\/","og_locale":"en_US","og_type":"article","og_title":"Gr\u00e8s Pour Pav\u00e9, Dalle, Bordure | Fabricant Pierres Naturelles | Calminia","og_description":"Calminia pr\u00e9sente KERALA \u00ae, une qualit\u00e9 et un caract\u00e8re de pierre hors du commun issu de la formation de roches s\u00e9dimentaires silicieuses.","og_url":"https:\/\/www.calminia.com\/en\/about-us\/natural-stones-production\/sandstone\/","og_site_name":"Calminia","article_modified_time":"2019-03-01T16:58:25+00:00","og_image":[{"url":"https:\/\/www.calminia.com\/wp-content\/uploads\/2019\/01\/pave-gres-kerala.jpg"}],"twitter_card":"summary_large_image","twitter_misc":{"Est. reading time":"1 minute"},"schema":{"@context":"https:\/\/schema.org","@graph":[{"@type":"WebPage","@id":"https:\/\/www.calminia.com\/en\/about-us\/natural-stones-production\/sandstone\/","url":"https:\/\/www.calminia.com\/en\/about-us\/natural-stones-production\/sandstone\/","name":"Gr\u00e8s Pour Pav\u00e9, Dalle, Bordure | Fabricant Pierres Naturelles | Calminia","isPartOf":{"@id":"https:\/\/www.calminia.com\/#website"},"datePublished":"2018-07-03T12:58:47+00:00","dateModified":"2019-03-01T16:58:25+00:00","description":"Calminia pr\u00e9sente KERALA \u00ae, une qualit\u00e9 et un caract\u00e8re de pierre hors du commun issu de la formation de roches s\u00e9dimentaires silicieuses.","breadcrumb":{"@id":"https:\/\/www.calminia.com\/en\/about-us\/natural-stones-production\/sandstone\/#breadcrumb"},"inLanguage":"en-US","potentialAction":[{"@type":"ReadAction","target":["https:\/\/www.calminia.com\/en\/about-us\/natural-stones-production\/sandstone\/"]}]},{"@type":"BreadcrumbList","@id":"https:\/\/www.calminia.com\/en\/about-us\/natural-stones-production\/sandstone\/#breadcrumb","itemListElement":[{"@type":"ListItem","position":1,"name":"Accueil","item":"https:\/\/www.calminia.com\/en\/"},{"@type":"ListItem","position":2,"name":"About us","item":"https:\/\/www.calminia.com\/en\/about-us\/"},{"@type":"ListItem","position":3,"name":"Natural stones production","item":"https:\/\/www.calminia.com\/en\/about-us\/natural-stones-production\/"},{"@type":"ListItem","position":4,"name":"Sandstone"}]},{"@type":"WebSite","@id":"https:\/\/www.calminia.com\/#website","url":"https:\/\/www.calminia.com\/","name":"Calminia","description":"","potentialAction":[{"@type":"SearchAction","target":{"@type":"EntryPoint","urlTemplate":"https:\/\/www.calminia.com\/?s={search_term_string}"},"query-input":"required name=search_term_string"}],"inLanguage":"en-US"}]}},"_links":{"self":[{"href":"https:\/\/www.calminia.com\/en\/wp-json\/wp\/v2\/pages\/857"}],"collection":[{"href":"https:\/\/www.calminia.com\/en\/wp-json\/wp\/v2\/pages"}],"about":[{"href":"https:\/\/www.calminia.com\/en\/wp-json\/wp\/v2\/types\/page"}],"author":[{"embeddable":true,"href":"https:\/\/www.calminia.com\/en\/wp-json\/wp\/v2\/users\/1"}],"replies":[{"embeddable":true,"href":"https:\/\/www.calminia.com\/en\/wp-json\/wp\/v2\/comments?post=857"}],"version-history":[{"count":2,"href":"https:\/\/www.calminia.com\/en\/wp-json\/wp\/v2\/pages\/857\/revisions"}],"predecessor-version":[{"id":859,"href":"https:\/\/www.calminia.com\/en\/wp-json\/wp\/v2\/pages\/857\/revisions\/859"}],"up":[{"embeddable":true,"href":"https:\/\/www.calminia.com\/en\/wp-json\/wp\/v2\/pages\/851"}],"wp:attachment":[{"href":"https:\/\/www.calminia.com\/en\/wp-json\/wp\/v2\/media?parent=857"}],"curies":[{"name":"wp","href":"https:\/\/api.w.org\/{rel}","templated":true}]}}