{"id":851,"date":"2018-07-03T13:58:10","date_gmt":"2018-07-03T12:58:10","guid":{"rendered":"https:\/\/www.calminia.com\/about-us\/production-de-pierres-naturelles\/"},"modified":"2019-03-01T16:52:47","modified_gmt":"2019-03-01T15:52:47","slug":"natural-stones-production","status":"publish","type":"page","link":"https:\/\/www.calminia.com\/en\/about-us\/natural-stones-production\/","title":{"rendered":"Natural stones production"},"content":{"rendered":"\n\t<h2>The craftmanship combined with the industrial power<\/h2>\n<p>&nbsp;<\/p>\n<p>CALMINIA has at its disposition on the production area in Lusignan (Vienne (86)), more than 15 000m\u00b2 of storage (raw stone and end products) and 1 000m\u00b2 of production buildings.<\/p>\n<p>CALMINIA is specialized in the extraction, transformation and commercialization of natural stones. Thanks to its production tools and its traditional craftmanship, CALMINIA can realize in the same day 5m\u00b2 for a particular and then, go on an order that will cover 55 000m\u00b2 of the same quality and finish.<\/p>\n\t\t\t\t<img decoding=\"async\" loading=\"lazy\" src=\"https:\/\/www.calminia.com\/wp-content\/uploads\/2018\/11\/CALMINIA-Site-de-Production.jpg\" alt=\"calminia site de production lu\" itemprop=\"image\" height=\"667\" width=\"1000\" title=\"CALMINIA-Site-de-Production\" onerror=\"this.style.display='none'\"  \/>\n\t\t\t\t<img decoding=\"async\" src=\"https:\/\/www.calminia.com\/wp-content\/uploads\/2018\/10\/quote-gauche.png\" alt=\"quote-gauche\" itemprop=\"image\" title=\"quote-gauche\" onerror=\"this.style.display='none'\"  \/>\n\t<p><strong>Within CALMINIA, we take in consideration all your projects because the customer satisfaction is the most important.<\/strong><\/p>\n\t\t\t\t<img decoding=\"async\" src=\"https:\/\/www.calminia.com\/wp-content\/uploads\/2018\/10\/quote-droite.png\" alt=\"quote-droite\" itemprop=\"image\" title=\"quote-droite\" onerror=\"this.style.display='none'\"  \/>\n\t\t\t\t<img decoding=\"async\" loading=\"lazy\" src=\"https:\/\/www.calminia.com\/wp-content\/uploads\/2018\/07\/calminia-accompagnement-projet-exterieur.jpg\" alt=\"accompagnement projet exterieur piscine calminia pierre naturelle vente fabricant\" itemprop=\"image\" height=\"560\" width=\"1230\" title=\"Calminia - Accompagnement\" onerror=\"this.style.display='none'\"  \/>\n\t<p>In addition to international develoment, we are also expanding our range of natural stones products. Since the second half of 2017, a sandstone and granite have been added to the CALMINIA range of products. <\/p>\n<p><strong>By proposing an expanded offer of natural stones to its customers, CALMINIA also increases the possibilities for their creations and achiviements. <\/strong><\/p>\n<p>Moreover, i twill be also possible to realize our different products (setts, borders, slabs etc) with variant finishes or dimensions according to the customer request. <\/p>\n\t\t\t\t<img decoding=\"async\" src=\"https:\/\/www.calminia.com\/wp-content\/uploads\/2018\/10\/warning.png\" alt=\"warning\" itemprop=\"image\" title=\"warning\" onerror=\"this.style.display='none'\"  \/>\n\t<h2>Please note : <\/h2>\n<p>&nbsp;<\/p>\nCALMINIA simplifies all the steps of its customers by proposing you a single contact from the deposit to the delivery.<br \/>\nMore than ever, CALMINIA is completely aware that the customer satisfaction is essential.\n\t<h2>An illustration of our craftmanship : <br \/>\nThe stages of limestone transformation<\/h2>\n\t<h3>1 &#8211; Quarry extraction <\/h3>\n<p>&nbsp;<\/p>\n<p>Extraction of massive natural stones blocks from our quarry near to Barcelone or from the quarry of Mini\u00e8re close to our production area. Reception of the blocks from 2 to 10 tons at the sawing station.<\/p>\n\t\t\t\t<img decoding=\"async\" loading=\"lazy\" src=\"https:\/\/www.calminia.com\/wp-content\/uploads\/2018\/11\/extraction-blocs-pierre-naturelle-carriere.jpg\" alt=\"extraction blocs pierre naturelle carriere calminia pierre naturelle vente fabricant\" itemprop=\"image\" height=\"467\" width=\"1000\" title=\"extraction-blocs-pierre-naturelle-carriere\" onerror=\"this.style.display='none'\"  \/>\n\t\t\t\t<img decoding=\"async\" loading=\"lazy\" src=\"https:\/\/www.calminia.com\/wp-content\/uploads\/2018\/11\/ligne-de-sciage-pierre-naturelle-phase-primaire.jpg\" alt=\"ligne de sciage pierre naturelle phase primaire calminia pierre naturelle vente fabricant\" itemprop=\"image\" height=\"662\" width=\"1000\" title=\"ligne-de-sciage-pierre-naturelle-phase-primaire\" onerror=\"this.style.display='none'\"  \/>\n\t<h3>2 &#8211; First production step<\/h3>\n<p>&nbsp;<\/p>\n<strong>Sawling line<br \/>\n<\/strong><br \/>\n\u2022 Saws up to 2.7m of diameter which are composed with 140 diamond prongs. Fully automated, saws perform slices at a forward speed of 25 to 30cm\/min.<br \/>\n\u2022 Silos for recycling water in a closed systems, sludge treatment and filtration.\n\t<h3>3 &#8211; Secondary production and finishes step (according to requests)<\/h3>\n<p>&nbsp;<\/p>\n<strong>\u00ab La cliveuse \u00bb <br \/>\n<\/strong><br \/>\n\u2022 Hydraulic presses up to 240 tons of compression to realize different size of setts.<br \/>\n\u2022 Dividing slices into ingots of widths and lenghts required.<br \/>\n\u2022 Maximum heigh of slices : 50cm<br \/>\n\u2022 Digital machine control.\n<strong>\u00ab L\u2019\u00e9clateuse \u00bb<br \/>\n<\/strong><br \/>\n\u2022 This machine allows to calibrate the dimension of the finished setts..<br \/>\n\u2022 Hydraulic compression power : 80 tons\n\t\t\t\t<img decoding=\"async\" loading=\"lazy\" src=\"https:\/\/www.calminia.com\/wp-content\/uploads\/2018\/11\/phase-secondaire-fabrication-cliveuse.jpg\" alt=\"phase secondaire fabrication cliveuse calminia pierre naturelle vente fabricant\" itemprop=\"image\" height=\"662\" width=\"1000\" title=\"phase-secondaire-fabrication-cliveuse\" onerror=\"this.style.display='none'\"  \/>\n\t\t\t\t<img decoding=\"async\" loading=\"lazy\" src=\"https:\/\/www.calminia.com\/wp-content\/uploads\/2018\/11\/table-de-bouchardage-calminia.jpg\" alt=\"table de bouchardage calminia pierre naturelle vente fabricant\" itemprop=\"image\" height=\"1000\" width=\"750\" title=\"table-de-bouchardage-calminia\" onerror=\"this.style.display='none'\"  \/>\n\t<strong>Bush-hammering machine <br \/>\n<\/strong><br \/>\nMachine tool with a rotating head to treat the limestone surface and makes it non-slip.\n\t<strong>Flaming machine :<br \/>\n<\/strong><br \/>\nProducts passed beneath a flame head. This creates a chemical reaction between the binary gases and the iron oxides in the stone, giving it a rough, non-slip appearance.<br \/>\nNe fonctionne que sur du calcaire tr\u00e8s dur et charg\u00e9 en oxyde de fer.\n<p><strong>Ageing machine <\/strong><\/p>\n<p>Finish obtained by passing the setts through a tunnel. They knock against each other, eroding the sharp edges and giving the sett an older, more rustic look.<\/p>\n\t\t\t\t<img decoding=\"async\" loading=\"lazy\" src=\"https:\/\/www.calminia.com\/wp-content\/uploads\/2018\/11\/table-de-flammage-calminia.jpg\" alt=\"table de flammage calminia pierre naturelle vente fabricant\" itemprop=\"image\" height=\"750\" width=\"1000\" title=\"table-de-flammage-calminia\" onerror=\"this.style.display='none'\"  \/>\n\t\t\t\t<img decoding=\"async\" loading=\"lazy\" src=\"https:\/\/www.calminia.com\/wp-content\/uploads\/2018\/11\/genouillere-de-finition-pieces-courbes-evier-sur-mesure.jpg\" alt=\"genouillere de finition pieces courbes evier sur mesure calminia pierre naturelle vente fabricant\" itemprop=\"image\" height=\"662\" width=\"1000\" title=\"genouillere-de-finition-pieces-courbes-evier-sur-mesure\" onerror=\"this.style.display='none'\"  \/>\n\t<strong>Multifunction machine <br \/>\n<\/strong><br \/>\nThis machine allows to realize special requests : quarter round, curved pieces, customised pieces\u2026\n","protected":false},"excerpt":{"rendered":"<p>The craftmanship combined with the industrial power &nbsp; CALMINIA has at its disposition on the production area in Lusignan (Vienne (86)), more than 15 000m\u00b2 of storage (raw stone and end products) and 1 000m\u00b2 of production buildings. CALMINIA is specialized in the extraction, transformation and commercialization of natural stones. Thanks to its production tools [&hellip;]<\/p>\n","protected":false},"author":1,"featured_media":0,"parent":832,"menu_order":0,"comment_status":"closed","ping_status":"closed","template":"","meta":[],"acf":[],"yoast_head":"<!-- This site is optimized with the Yoast SEO plugin v20.4 - https:\/\/yoast.com\/wordpress\/plugins\/seo\/ -->\n<title>Production Pierres Naturelles Ext\u00e9rieures \u00e0 Lusignan dans la Vienne (86)<\/title>\n<meta name=\"description\" content=\"Calminia est sp\u00e9cialis\u00e9e dans l&#039;extraction, la transformation et la commercialisation de pierres naturelles. Un seul interlocuteur pour votre projet !\" \/>\n<meta name=\"robots\" content=\"index, follow, max-snippet:-1, max-image-preview:large, max-video-preview:-1\" \/>\n<link rel=\"canonical\" href=\"https:\/\/www.calminia.com\/en\/about-us\/natural-stones-production\/\" \/>\n<meta property=\"og:locale\" content=\"en_US\" \/>\n<meta property=\"og:type\" content=\"article\" \/>\n<meta property=\"og:title\" content=\"Production Pierres Naturelles Ext\u00e9rieures \u00e0 Lusignan dans la Vienne (86)\" \/>\n<meta property=\"og:description\" content=\"Calminia est sp\u00e9cialis\u00e9e dans l&#039;extraction, la transformation et la commercialisation de pierres naturelles. Un seul interlocuteur pour votre projet !\" \/>\n<meta property=\"og:url\" content=\"https:\/\/www.calminia.com\/en\/about-us\/natural-stones-production\/\" \/>\n<meta property=\"og:site_name\" content=\"Calminia\" \/>\n<meta property=\"article:modified_time\" content=\"2019-03-01T15:52:47+00:00\" \/>\n<meta property=\"og:image\" content=\"https:\/\/www.calminia.com\/wp-content\/uploads\/2018\/11\/CALMINIA-Site-de-Production.jpg\" \/>\n<meta name=\"twitter:card\" content=\"summary_large_image\" \/>\n<meta name=\"twitter:label1\" content=\"Est. reading time\" \/>\n\t<meta name=\"twitter:data1\" content=\"2 minutes\" \/>\n<script type=\"application\/ld+json\" class=\"yoast-schema-graph\">{\"@context\":\"https:\/\/schema.org\",\"@graph\":[{\"@type\":\"WebPage\",\"@id\":\"https:\/\/www.calminia.com\/en\/about-us\/natural-stones-production\/\",\"url\":\"https:\/\/www.calminia.com\/en\/about-us\/natural-stones-production\/\",\"name\":\"Production Pierres Naturelles Ext\u00e9rieures \u00e0 Lusignan dans la Vienne (86)\",\"isPartOf\":{\"@id\":\"https:\/\/www.calminia.com\/#website\"},\"datePublished\":\"2018-07-03T12:58:10+00:00\",\"dateModified\":\"2019-03-01T15:52:47+00:00\",\"description\":\"Calminia est sp\u00e9cialis\u00e9e dans l'extraction, la transformation et la commercialisation de pierres naturelles. Un seul interlocuteur pour votre projet !\",\"breadcrumb\":{\"@id\":\"https:\/\/www.calminia.com\/en\/about-us\/natural-stones-production\/#breadcrumb\"},\"inLanguage\":\"en-US\",\"potentialAction\":[{\"@type\":\"ReadAction\",\"target\":[\"https:\/\/www.calminia.com\/en\/about-us\/natural-stones-production\/\"]}]},{\"@type\":\"BreadcrumbList\",\"@id\":\"https:\/\/www.calminia.com\/en\/about-us\/natural-stones-production\/#breadcrumb\",\"itemListElement\":[{\"@type\":\"ListItem\",\"position\":1,\"name\":\"Accueil\",\"item\":\"https:\/\/www.calminia.com\/en\/\"},{\"@type\":\"ListItem\",\"position\":2,\"name\":\"About us\",\"item\":\"https:\/\/www.calminia.com\/en\/about-us\/\"},{\"@type\":\"ListItem\",\"position\":3,\"name\":\"Natural stones production\"}]},{\"@type\":\"WebSite\",\"@id\":\"https:\/\/www.calminia.com\/#website\",\"url\":\"https:\/\/www.calminia.com\/\",\"name\":\"Calminia\",\"description\":\"\",\"potentialAction\":[{\"@type\":\"SearchAction\",\"target\":{\"@type\":\"EntryPoint\",\"urlTemplate\":\"https:\/\/www.calminia.com\/?s={search_term_string}\"},\"query-input\":\"required name=search_term_string\"}],\"inLanguage\":\"en-US\"}]}<\/script>\n<!-- \/ Yoast SEO plugin. -->","yoast_head_json":{"title":"Production Pierres Naturelles Ext\u00e9rieures \u00e0 Lusignan dans la Vienne (86)","description":"Calminia est sp\u00e9cialis\u00e9e dans l'extraction, la transformation et la commercialisation de pierres naturelles. Un seul interlocuteur pour votre projet !","robots":{"index":"index","follow":"follow","max-snippet":"max-snippet:-1","max-image-preview":"max-image-preview:large","max-video-preview":"max-video-preview:-1"},"canonical":"https:\/\/www.calminia.com\/en\/about-us\/natural-stones-production\/","og_locale":"en_US","og_type":"article","og_title":"Production Pierres Naturelles Ext\u00e9rieures \u00e0 Lusignan dans la Vienne (86)","og_description":"Calminia est sp\u00e9cialis\u00e9e dans l'extraction, la transformation et la commercialisation de pierres naturelles. Un seul interlocuteur pour votre projet !","og_url":"https:\/\/www.calminia.com\/en\/about-us\/natural-stones-production\/","og_site_name":"Calminia","article_modified_time":"2019-03-01T15:52:47+00:00","og_image":[{"url":"https:\/\/www.calminia.com\/wp-content\/uploads\/2018\/11\/CALMINIA-Site-de-Production.jpg"}],"twitter_card":"summary_large_image","twitter_misc":{"Est. reading time":"2 minutes"},"schema":{"@context":"https:\/\/schema.org","@graph":[{"@type":"WebPage","@id":"https:\/\/www.calminia.com\/en\/about-us\/natural-stones-production\/","url":"https:\/\/www.calminia.com\/en\/about-us\/natural-stones-production\/","name":"Production Pierres Naturelles Ext\u00e9rieures \u00e0 Lusignan dans la Vienne (86)","isPartOf":{"@id":"https:\/\/www.calminia.com\/#website"},"datePublished":"2018-07-03T12:58:10+00:00","dateModified":"2019-03-01T15:52:47+00:00","description":"Calminia est sp\u00e9cialis\u00e9e dans l'extraction, la transformation et la commercialisation de pierres naturelles. Un seul interlocuteur pour votre projet !","breadcrumb":{"@id":"https:\/\/www.calminia.com\/en\/about-us\/natural-stones-production\/#breadcrumb"},"inLanguage":"en-US","potentialAction":[{"@type":"ReadAction","target":["https:\/\/www.calminia.com\/en\/about-us\/natural-stones-production\/"]}]},{"@type":"BreadcrumbList","@id":"https:\/\/www.calminia.com\/en\/about-us\/natural-stones-production\/#breadcrumb","itemListElement":[{"@type":"ListItem","position":1,"name":"Accueil","item":"https:\/\/www.calminia.com\/en\/"},{"@type":"ListItem","position":2,"name":"About us","item":"https:\/\/www.calminia.com\/en\/about-us\/"},{"@type":"ListItem","position":3,"name":"Natural stones production"}]},{"@type":"WebSite","@id":"https:\/\/www.calminia.com\/#website","url":"https:\/\/www.calminia.com\/","name":"Calminia","description":"","potentialAction":[{"@type":"SearchAction","target":{"@type":"EntryPoint","urlTemplate":"https:\/\/www.calminia.com\/?s={search_term_string}"},"query-input":"required name=search_term_string"}],"inLanguage":"en-US"}]}},"_links":{"self":[{"href":"https:\/\/www.calminia.com\/en\/wp-json\/wp\/v2\/pages\/851"}],"collection":[{"href":"https:\/\/www.calminia.com\/en\/wp-json\/wp\/v2\/pages"}],"about":[{"href":"https:\/\/www.calminia.com\/en\/wp-json\/wp\/v2\/types\/page"}],"author":[{"embeddable":true,"href":"https:\/\/www.calminia.com\/en\/wp-json\/wp\/v2\/users\/1"}],"replies":[{"embeddable":true,"href":"https:\/\/www.calminia.com\/en\/wp-json\/wp\/v2\/comments?post=851"}],"version-history":[{"count":2,"href":"https:\/\/www.calminia.com\/en\/wp-json\/wp\/v2\/pages\/851\/revisions"}],"predecessor-version":[{"id":853,"href":"https:\/\/www.calminia.com\/en\/wp-json\/wp\/v2\/pages\/851\/revisions\/853"}],"up":[{"embeddable":true,"href":"https:\/\/www.calminia.com\/en\/wp-json\/wp\/v2\/pages\/832"}],"wp:attachment":[{"href":"https:\/\/www.calminia.com\/en\/wp-json\/wp\/v2\/media?parent=851"}],"curies":[{"name":"wp","href":"https:\/\/api.w.org\/{rel}","templated":true}]}}