{"id":848,"date":"2018-07-03T13:57:59","date_gmt":"2018-07-03T12:57:59","guid":{"rendered":"https:\/\/www.calminia.com\/about-us\/carrieres-et-gisements\/"},"modified":"2019-03-01T16:08:42","modified_gmt":"2019-03-01T15:08:42","slug":"quarries-and-deposits","status":"publish","type":"page","link":"https:\/\/www.calminia.com\/en\/about-us\/quarries-and-deposits\/","title":{"rendered":"Quarries and deposits"},"content":{"rendered":"\n\t<h2>Quarries and deposits of exceptionnal quality<\/h2>\n<p>&nbsp;<\/p>\n<p>The two quarries of limestone exploited by CALMINIA bringing you back a few years ago at the Middle Bajocian during the Jurassic period. One of these deposits is situated in the quarries of Mini\u00e8re in Payr\u00e9, near to our production area, and the other one is in Spain. Both have the same technical characteristics, the same geological accidents and the same veinig variations.<\/p>\n<p>These meticulously selected seams offer a wide of color range from the uniform white to the grey-blue through ochre-beige allowing to deal with all expectations and projects.<\/p>\n<p>To illustrate this, it is important to know that CALMINIA works in the spanish quarry on eleven successive faces of size. Each layer is composed by a different color which traducin our capicity to offer a large color range.<\/p>\n<p>&nbsp;<\/p>\n\t\t\t\t<a href=\"https:\/\/www.calminia.com\/wp-content\/uploads\/2018\/11\/extraction-blocs-pierre-naturelle-carriere.jpg\" target=\"_self\" itemprop=\"url\">\n\t\t\t\t<img decoding=\"async\" loading=\"lazy\" src=\"https:\/\/www.calminia.com\/wp-content\/uploads\/2018\/11\/extraction-blocs-pierre-naturelle-carriere.jpg\" alt=\"extraction blocs pierre naturelle carriere calminia pierre naturelle vente fabricant\" itemprop=\"image\" height=\"467\" width=\"1000\" title=\"extraction-blocs-pierre-naturelle-carriere\" onerror=\"this.style.display='none'\"  \/>\n\t\t\t\t<\/a>\n\t\t\t\t<img decoding=\"async\" src=\"https:\/\/www.calminia.com\/wp-content\/uploads\/2018\/10\/quote-gauche.png\" alt=\"quote-gauche\" itemprop=\"image\" title=\"quote-gauche\" onerror=\"this.style.display='none'\"  \/>\n\t<p><strong>By exploiting these quarries, CALMINIA has an increased and sustainable production capacity for the next 150 years. That\u2019s why we can easily ensure this quality of stone for many projects.<\/strong><\/p>\n\t\t\t\t<img decoding=\"async\" src=\"https:\/\/www.calminia.com\/wp-content\/uploads\/2018\/10\/quote-droite.png\" alt=\"quote-droite\" itemprop=\"image\" title=\"quote-droite\" onerror=\"this.style.display='none'\"  \/>\n\t\t\t\t<a href=\"https:\/\/www.calminia.com\/wp-content\/uploads\/2019\/02\/Granit-Blanc.jpg\" target=\"_self\" itemprop=\"url\">\n\t\t\t\t<img decoding=\"async\" loading=\"lazy\" src=\"https:\/\/www.calminia.com\/wp-content\/uploads\/2019\/02\/Granit-Blanc.jpg\" alt=\"granit blanc calminia pierre naturelle vente fabricant\" itemprop=\"image\" height=\"1500\" width=\"1500\" title=\"Granit-Blanc\" onerror=\"this.style.display='none'\"  \/>\n\t\t\t\t<\/a>\n\t<h2>We work with quarries that meet a high standard<\/h2>\n<p>&nbsp;<\/p>\n<p>Converning the granite and the sandstone, CALMINIA has referenced and works today with quarries which meet the same levels of high stone quality. After a long period of extensive researches, CALMINIA found a deposit in Spain for the granite and in India for the sandstone.<\/p>\n\t\t\t\t<img decoding=\"async\" src=\"https:\/\/www.calminia.com\/wp-content\/uploads\/2018\/10\/warning.png\" alt=\"warning\" itemprop=\"image\" title=\"warning\" onerror=\"this.style.display='none'\"  \/>\n\t<h2>In a word <\/h2>\n<p>&nbsp;<\/p>\n<p>The natural stone is a real passion for CALMINIA. The character and the intrinsic quality of the stone are one of our principal concerns. The methods of extraction and the transformation characteristic are specifie to all types of stone<\/p>\n","protected":false},"excerpt":{"rendered":"<p>Quarries and deposits of exceptionnal quality &nbsp; The two quarries of limestone exploited by CALMINIA bringing you back a few years ago at the Middle Bajocian during the Jurassic period. One of these deposits is situated in the quarries of Mini\u00e8re in Payr\u00e9, near to our production area, and the other one is in Spain. [&hellip;]<\/p>\n","protected":false},"author":1,"featured_media":0,"parent":832,"menu_order":0,"comment_status":"closed","ping_status":"closed","template":"","meta":[],"acf":[],"yoast_head":"<!-- This site is optimized with the Yoast SEO plugin v20.4 - https:\/\/yoast.com\/wordpress\/plugins\/seo\/ -->\n<title>Carri\u00e8res et Gisements dans la Vienne (86) | Fabricant Pierres Naturelles<\/title>\n<meta name=\"description\" content=\"Calminia poss\u00e8de deux gisements : les carri\u00e8res des Mini\u00e8res \u00e0 Payr\u00e9 dans la Vienne (86) et en Espagne pour r\u00e9pondre \u00e0 toutes les attentes de ses clients.\" \/>\n<meta name=\"robots\" content=\"index, follow, max-snippet:-1, max-image-preview:large, max-video-preview:-1\" \/>\n<link rel=\"canonical\" href=\"https:\/\/www.calminia.com\/en\/about-us\/quarries-and-deposits\/\" \/>\n<meta property=\"og:locale\" content=\"en_US\" \/>\n<meta property=\"og:type\" content=\"article\" \/>\n<meta property=\"og:title\" content=\"Carri\u00e8res et Gisements dans la Vienne (86) | Fabricant Pierres Naturelles\" \/>\n<meta property=\"og:description\" content=\"Calminia poss\u00e8de deux gisements : les carri\u00e8res des Mini\u00e8res \u00e0 Payr\u00e9 dans la Vienne (86) et en Espagne pour r\u00e9pondre \u00e0 toutes les attentes de ses clients.\" \/>\n<meta property=\"og:url\" content=\"https:\/\/www.calminia.com\/en\/about-us\/quarries-and-deposits\/\" \/>\n<meta property=\"og:site_name\" content=\"Calminia\" \/>\n<meta property=\"article:modified_time\" content=\"2019-03-01T15:08:42+00:00\" \/>\n<meta property=\"og:image\" content=\"https:\/\/www.calminia.com\/wp-content\/uploads\/2018\/11\/extraction-blocs-pierre-naturelle-carriere.jpg\" \/>\n<meta name=\"twitter:card\" content=\"summary_large_image\" \/>\n<meta name=\"twitter:label1\" content=\"Est. reading time\" \/>\n\t<meta name=\"twitter:data1\" content=\"1 minute\" \/>\n<script type=\"application\/ld+json\" class=\"yoast-schema-graph\">{\"@context\":\"https:\/\/schema.org\",\"@graph\":[{\"@type\":\"WebPage\",\"@id\":\"https:\/\/www.calminia.com\/en\/about-us\/quarries-and-deposits\/\",\"url\":\"https:\/\/www.calminia.com\/en\/about-us\/quarries-and-deposits\/\",\"name\":\"Carri\u00e8res et Gisements dans la Vienne (86) | Fabricant Pierres Naturelles\",\"isPartOf\":{\"@id\":\"https:\/\/www.calminia.com\/#website\"},\"datePublished\":\"2018-07-03T12:57:59+00:00\",\"dateModified\":\"2019-03-01T15:08:42+00:00\",\"description\":\"Calminia poss\u00e8de deux gisements : les carri\u00e8res des Mini\u00e8res \u00e0 Payr\u00e9 dans la Vienne (86) et en Espagne pour r\u00e9pondre \u00e0 toutes les attentes de ses clients.\",\"breadcrumb\":{\"@id\":\"https:\/\/www.calminia.com\/en\/about-us\/quarries-and-deposits\/#breadcrumb\"},\"inLanguage\":\"en-US\",\"potentialAction\":[{\"@type\":\"ReadAction\",\"target\":[\"https:\/\/www.calminia.com\/en\/about-us\/quarries-and-deposits\/\"]}]},{\"@type\":\"BreadcrumbList\",\"@id\":\"https:\/\/www.calminia.com\/en\/about-us\/quarries-and-deposits\/#breadcrumb\",\"itemListElement\":[{\"@type\":\"ListItem\",\"position\":1,\"name\":\"Accueil\",\"item\":\"https:\/\/www.calminia.com\/en\/\"},{\"@type\":\"ListItem\",\"position\":2,\"name\":\"About us\",\"item\":\"https:\/\/www.calminia.com\/en\/about-us\/\"},{\"@type\":\"ListItem\",\"position\":3,\"name\":\"Quarries and deposits\"}]},{\"@type\":\"WebSite\",\"@id\":\"https:\/\/www.calminia.com\/#website\",\"url\":\"https:\/\/www.calminia.com\/\",\"name\":\"Calminia\",\"description\":\"\",\"potentialAction\":[{\"@type\":\"SearchAction\",\"target\":{\"@type\":\"EntryPoint\",\"urlTemplate\":\"https:\/\/www.calminia.com\/?s={search_term_string}\"},\"query-input\":\"required name=search_term_string\"}],\"inLanguage\":\"en-US\"}]}<\/script>\n<!-- \/ Yoast SEO plugin. -->","yoast_head_json":{"title":"Carri\u00e8res et Gisements dans la Vienne (86) | Fabricant Pierres Naturelles","description":"Calminia poss\u00e8de deux gisements : les carri\u00e8res des Mini\u00e8res \u00e0 Payr\u00e9 dans la Vienne (86) et en Espagne pour r\u00e9pondre \u00e0 toutes les attentes de ses clients.","robots":{"index":"index","follow":"follow","max-snippet":"max-snippet:-1","max-image-preview":"max-image-preview:large","max-video-preview":"max-video-preview:-1"},"canonical":"https:\/\/www.calminia.com\/en\/about-us\/quarries-and-deposits\/","og_locale":"en_US","og_type":"article","og_title":"Carri\u00e8res et Gisements dans la Vienne (86) | Fabricant Pierres Naturelles","og_description":"Calminia poss\u00e8de deux gisements : les carri\u00e8res des Mini\u00e8res \u00e0 Payr\u00e9 dans la Vienne (86) et en Espagne pour r\u00e9pondre \u00e0 toutes les attentes de ses clients.","og_url":"https:\/\/www.calminia.com\/en\/about-us\/quarries-and-deposits\/","og_site_name":"Calminia","article_modified_time":"2019-03-01T15:08:42+00:00","og_image":[{"url":"https:\/\/www.calminia.com\/wp-content\/uploads\/2018\/11\/extraction-blocs-pierre-naturelle-carriere.jpg"}],"twitter_card":"summary_large_image","twitter_misc":{"Est. reading time":"1 minute"},"schema":{"@context":"https:\/\/schema.org","@graph":[{"@type":"WebPage","@id":"https:\/\/www.calminia.com\/en\/about-us\/quarries-and-deposits\/","url":"https:\/\/www.calminia.com\/en\/about-us\/quarries-and-deposits\/","name":"Carri\u00e8res et Gisements dans la Vienne (86) | Fabricant Pierres Naturelles","isPartOf":{"@id":"https:\/\/www.calminia.com\/#website"},"datePublished":"2018-07-03T12:57:59+00:00","dateModified":"2019-03-01T15:08:42+00:00","description":"Calminia poss\u00e8de deux gisements : les carri\u00e8res des Mini\u00e8res \u00e0 Payr\u00e9 dans la Vienne (86) et en Espagne pour r\u00e9pondre \u00e0 toutes les attentes de ses clients.","breadcrumb":{"@id":"https:\/\/www.calminia.com\/en\/about-us\/quarries-and-deposits\/#breadcrumb"},"inLanguage":"en-US","potentialAction":[{"@type":"ReadAction","target":["https:\/\/www.calminia.com\/en\/about-us\/quarries-and-deposits\/"]}]},{"@type":"BreadcrumbList","@id":"https:\/\/www.calminia.com\/en\/about-us\/quarries-and-deposits\/#breadcrumb","itemListElement":[{"@type":"ListItem","position":1,"name":"Accueil","item":"https:\/\/www.calminia.com\/en\/"},{"@type":"ListItem","position":2,"name":"About us","item":"https:\/\/www.calminia.com\/en\/about-us\/"},{"@type":"ListItem","position":3,"name":"Quarries and deposits"}]},{"@type":"WebSite","@id":"https:\/\/www.calminia.com\/#website","url":"https:\/\/www.calminia.com\/","name":"Calminia","description":"","potentialAction":[{"@type":"SearchAction","target":{"@type":"EntryPoint","urlTemplate":"https:\/\/www.calminia.com\/?s={search_term_string}"},"query-input":"required name=search_term_string"}],"inLanguage":"en-US"}]}},"_links":{"self":[{"href":"https:\/\/www.calminia.com\/en\/wp-json\/wp\/v2\/pages\/848"}],"collection":[{"href":"https:\/\/www.calminia.com\/en\/wp-json\/wp\/v2\/pages"}],"about":[{"href":"https:\/\/www.calminia.com\/en\/wp-json\/wp\/v2\/types\/page"}],"author":[{"embeddable":true,"href":"https:\/\/www.calminia.com\/en\/wp-json\/wp\/v2\/users\/1"}],"replies":[{"embeddable":true,"href":"https:\/\/www.calminia.com\/en\/wp-json\/wp\/v2\/comments?post=848"}],"version-history":[{"count":2,"href":"https:\/\/www.calminia.com\/en\/wp-json\/wp\/v2\/pages\/848\/revisions"}],"predecessor-version":[{"id":850,"href":"https:\/\/www.calminia.com\/en\/wp-json\/wp\/v2\/pages\/848\/revisions\/850"}],"up":[{"embeddable":true,"href":"https:\/\/www.calminia.com\/en\/wp-json\/wp\/v2\/pages\/832"}],"wp:attachment":[{"href":"https:\/\/www.calminia.com\/en\/wp-json\/wp\/v2\/media?parent=848"}],"curies":[{"name":"wp","href":"https:\/\/api.w.org\/{rel}","templated":true}]}}