{"id":842,"date":"2018-07-03T13:57:50","date_gmt":"2018-07-03T12:57:50","guid":{"rendered":"https:\/\/www.calminia.com\/about-us\/presentation\/"},"modified":"2019-11-25T11:30:45","modified_gmt":"2019-11-25T10:30:45","slug":"introduction","status":"publish","type":"page","link":"https:\/\/www.calminia.com\/en\/about-us\/introduction\/","title":{"rendered":"Manufacturer of natural stones for 22 years"},"content":{"rendered":"\n\t<h2>A leading player in the French natural stone sector.<\/h2>\n<p>&nbsp;<\/p>\n<p>For 22 years, CALMINIA\u00ae has specialized in extraction, transformation and commercialization of natural stones near to Poitiers (in the department of La Vienne (86)). Key player on the French onramental building stone market, CALMINIA\u00ae doesn\u2019t have to prove anymore its competences.<\/p>\n<p>Thanks to its approach to ornamental stone, its high requirement of environmental quality and its daring allow today CALMINIA\u00ae to propose a very wide range of natural stones.<\/p>\n\t\t\t\t<a href=\"https:\/\/www.calminia.com\/wp-content\/uploads\/2018\/11\/ligne-de-sciage-pierre-naturelle-phase-primaire-1.jpg\" target=\"_self\" itemprop=\"url\" rel=\"noopener noreferrer\">\n\t\t\t\t<img decoding=\"async\" loading=\"lazy\" src=\"https:\/\/www.calminia.com\/wp-content\/uploads\/2018\/11\/ligne-de-sciage-pierre-naturelle-phase-primaire-1.jpg\" alt=\"ligne de sciage pierre naturelle phase primaire vente fabrication pierre naturelle calminia\" itemprop=\"image\" height=\"994\" width=\"1500\" title=\"ligne-de-sciage-pierre-naturelle-phase-primaire\" onerror=\"this.style.display='none'\"  \/>\n\t\t\t\t<\/a>\n\t\t\t\t<a href=\"https:\/\/www.calminia.com\/wp-content\/uploads\/2018\/11\/genouillere-de-finition-pieces-courbes-evier-sur-mesure.jpg\" target=\"_self\" itemprop=\"url\" rel=\"noopener noreferrer\">\n\t\t\t\t<img decoding=\"async\" loading=\"lazy\" src=\"https:\/\/www.calminia.com\/wp-content\/uploads\/2018\/11\/genouillere-de-finition-pieces-courbes-evier-sur-mesure.jpg\" alt=\"genouillere de finition pieces courbes evier sur mesure calminia pierre naturelle vente fabricant\" itemprop=\"image\" height=\"662\" width=\"1000\" title=\"genouillere-de-finition-pieces-courbes-evier-sur-mesure\" onerror=\"this.style.display='none'\"  \/>\n\t\t\t\t<\/a>\n\t<h2>A single contact for your natural stones ! <\/h2>\n<p>&nbsp;<\/p>\n<p>Select, shape, transform\u2026 Our natural stones production has an extensive portfolio of products with many colours, dimensions and finishes enabling us to realize various projects. That\u2019s why urban planning public or private is at the heart of our activity.<\/p>\n<p>Thanks to the experience it has gained in this sector, CALMINIA\u00ae simplifies all the steps of its customers (urban planers, architects, landscapers, piscinists..) by proposing a single contact from the deposit to the delivery. <\/p>\n<p>CALMINIA\u00ae takes particularly attention to every stage of the process, from the feasibility studies, to the design and technical office and the quality control established in the different steps of production.<\/p>\n\t\t\t\t<img decoding=\"async\" src=\"https:\/\/www.calminia.com\/wp-content\/uploads\/2018\/10\/warning.png\" alt=\"warning\" itemprop=\"image\" title=\"warning\" onerror=\"this.style.display='none'\"  \/>\n\t<h2><em>What you must remember:<\/em><\/h2>\n<p>&nbsp;<\/p>\n<p>CALMINIA\u00ae is a manufacturer of natural stones (limestone, granite and sandstone)<\/p>\n<p>We give you a single personn to handle all of your plans from the extraction to the delivery, in France but aslo outside our borders. <\/p>\n","protected":false},"excerpt":{"rendered":"<p>A leading player in the French natural stone sector. &nbsp; For 22 years, CALMINIA\u00ae has specialized in extraction, transformation and commercialization of natural stones near to Poitiers (in the department of La Vienne (86)). Key player on the French onramental building stone market, CALMINIA\u00ae doesn\u2019t have to prove anymore its competences. Thanks to its approach [&hellip;]<\/p>\n","protected":false},"author":1,"featured_media":0,"parent":832,"menu_order":0,"comment_status":"closed","ping_status":"closed","template":"","meta":[],"acf":[],"yoast_head":"<!-- This site is optimized with the Yoast SEO plugin v20.4 - https:\/\/yoast.com\/wordpress\/plugins\/seo\/ -->\n<title>Pr\u00e9sentation de Calminia | Fabricant de Pierres Naturelles depuis 22 ans<\/title>\n<meta name=\"description\" content=\"Acteur de premier plan de la fili\u00e8re fran\u00e7aise pierre naturelle. L&#039;am\u00e9nagement urbain, public ou priv\u00e9 est au coeur de l&#039;activit\u00e9 depuis 22 ans.\" \/>\n<meta name=\"robots\" content=\"index, follow, max-snippet:-1, max-image-preview:large, max-video-preview:-1\" \/>\n<link rel=\"canonical\" href=\"https:\/\/www.calminia.com\/en\/about-us\/introduction\/\" \/>\n<meta property=\"og:locale\" content=\"en_US\" \/>\n<meta property=\"og:type\" content=\"article\" \/>\n<meta property=\"og:title\" content=\"Pr\u00e9sentation de Calminia | Fabricant de Pierres Naturelles depuis 22 ans\" \/>\n<meta property=\"og:description\" content=\"Acteur de premier plan de la fili\u00e8re fran\u00e7aise pierre naturelle. L&#039;am\u00e9nagement urbain, public ou priv\u00e9 est au coeur de l&#039;activit\u00e9 depuis 22 ans.\" \/>\n<meta property=\"og:url\" content=\"https:\/\/www.calminia.com\/en\/about-us\/introduction\/\" \/>\n<meta property=\"og:site_name\" content=\"Calminia\" \/>\n<meta property=\"article:modified_time\" content=\"2019-11-25T10:30:45+00:00\" \/>\n<meta property=\"og:image\" content=\"https:\/\/www.calminia.com\/wp-content\/uploads\/2018\/11\/ligne-de-sciage-pierre-naturelle-phase-primaire-1.jpg\" \/>\n<meta name=\"twitter:card\" content=\"summary_large_image\" \/>\n<meta name=\"twitter:label1\" content=\"Est. reading time\" \/>\n\t<meta name=\"twitter:data1\" content=\"1 minute\" \/>\n<script type=\"application\/ld+json\" class=\"yoast-schema-graph\">{\"@context\":\"https:\/\/schema.org\",\"@graph\":[{\"@type\":\"WebPage\",\"@id\":\"https:\/\/www.calminia.com\/en\/about-us\/introduction\/\",\"url\":\"https:\/\/www.calminia.com\/en\/about-us\/introduction\/\",\"name\":\"Pr\u00e9sentation de Calminia | Fabricant de Pierres Naturelles depuis 22 ans\",\"isPartOf\":{\"@id\":\"https:\/\/www.calminia.com\/#website\"},\"datePublished\":\"2018-07-03T12:57:50+00:00\",\"dateModified\":\"2019-11-25T10:30:45+00:00\",\"description\":\"Acteur de premier plan de la fili\u00e8re fran\u00e7aise pierre naturelle. L'am\u00e9nagement urbain, public ou priv\u00e9 est au coeur de l'activit\u00e9 depuis 22 ans.\",\"breadcrumb\":{\"@id\":\"https:\/\/www.calminia.com\/en\/about-us\/introduction\/#breadcrumb\"},\"inLanguage\":\"en-US\",\"potentialAction\":[{\"@type\":\"ReadAction\",\"target\":[\"https:\/\/www.calminia.com\/en\/about-us\/introduction\/\"]}]},{\"@type\":\"BreadcrumbList\",\"@id\":\"https:\/\/www.calminia.com\/en\/about-us\/introduction\/#breadcrumb\",\"itemListElement\":[{\"@type\":\"ListItem\",\"position\":1,\"name\":\"Accueil\",\"item\":\"https:\/\/www.calminia.com\/en\/\"},{\"@type\":\"ListItem\",\"position\":2,\"name\":\"About us\",\"item\":\"https:\/\/www.calminia.com\/en\/about-us\/\"},{\"@type\":\"ListItem\",\"position\":3,\"name\":\"Manufacturer of natural stones for 22 years\"}]},{\"@type\":\"WebSite\",\"@id\":\"https:\/\/www.calminia.com\/#website\",\"url\":\"https:\/\/www.calminia.com\/\",\"name\":\"Calminia\",\"description\":\"\",\"potentialAction\":[{\"@type\":\"SearchAction\",\"target\":{\"@type\":\"EntryPoint\",\"urlTemplate\":\"https:\/\/www.calminia.com\/?s={search_term_string}\"},\"query-input\":\"required name=search_term_string\"}],\"inLanguage\":\"en-US\"}]}<\/script>\n<!-- \/ Yoast SEO plugin. -->","yoast_head_json":{"title":"Pr\u00e9sentation de Calminia | Fabricant de Pierres Naturelles depuis 22 ans","description":"Acteur de premier plan de la fili\u00e8re fran\u00e7aise pierre naturelle. L'am\u00e9nagement urbain, public ou priv\u00e9 est au coeur de l'activit\u00e9 depuis 22 ans.","robots":{"index":"index","follow":"follow","max-snippet":"max-snippet:-1","max-image-preview":"max-image-preview:large","max-video-preview":"max-video-preview:-1"},"canonical":"https:\/\/www.calminia.com\/en\/about-us\/introduction\/","og_locale":"en_US","og_type":"article","og_title":"Pr\u00e9sentation de Calminia | Fabricant de Pierres Naturelles depuis 22 ans","og_description":"Acteur de premier plan de la fili\u00e8re fran\u00e7aise pierre naturelle. L'am\u00e9nagement urbain, public ou priv\u00e9 est au coeur de l'activit\u00e9 depuis 22 ans.","og_url":"https:\/\/www.calminia.com\/en\/about-us\/introduction\/","og_site_name":"Calminia","article_modified_time":"2019-11-25T10:30:45+00:00","og_image":[{"url":"https:\/\/www.calminia.com\/wp-content\/uploads\/2018\/11\/ligne-de-sciage-pierre-naturelle-phase-primaire-1.jpg"}],"twitter_card":"summary_large_image","twitter_misc":{"Est. reading time":"1 minute"},"schema":{"@context":"https:\/\/schema.org","@graph":[{"@type":"WebPage","@id":"https:\/\/www.calminia.com\/en\/about-us\/introduction\/","url":"https:\/\/www.calminia.com\/en\/about-us\/introduction\/","name":"Pr\u00e9sentation de Calminia | Fabricant de Pierres Naturelles depuis 22 ans","isPartOf":{"@id":"https:\/\/www.calminia.com\/#website"},"datePublished":"2018-07-03T12:57:50+00:00","dateModified":"2019-11-25T10:30:45+00:00","description":"Acteur de premier plan de la fili\u00e8re fran\u00e7aise pierre naturelle. L'am\u00e9nagement urbain, public ou priv\u00e9 est au coeur de l'activit\u00e9 depuis 22 ans.","breadcrumb":{"@id":"https:\/\/www.calminia.com\/en\/about-us\/introduction\/#breadcrumb"},"inLanguage":"en-US","potentialAction":[{"@type":"ReadAction","target":["https:\/\/www.calminia.com\/en\/about-us\/introduction\/"]}]},{"@type":"BreadcrumbList","@id":"https:\/\/www.calminia.com\/en\/about-us\/introduction\/#breadcrumb","itemListElement":[{"@type":"ListItem","position":1,"name":"Accueil","item":"https:\/\/www.calminia.com\/en\/"},{"@type":"ListItem","position":2,"name":"About us","item":"https:\/\/www.calminia.com\/en\/about-us\/"},{"@type":"ListItem","position":3,"name":"Manufacturer of natural stones for 22 years"}]},{"@type":"WebSite","@id":"https:\/\/www.calminia.com\/#website","url":"https:\/\/www.calminia.com\/","name":"Calminia","description":"","potentialAction":[{"@type":"SearchAction","target":{"@type":"EntryPoint","urlTemplate":"https:\/\/www.calminia.com\/?s={search_term_string}"},"query-input":"required name=search_term_string"}],"inLanguage":"en-US"}]}},"_links":{"self":[{"href":"https:\/\/www.calminia.com\/en\/wp-json\/wp\/v2\/pages\/842"}],"collection":[{"href":"https:\/\/www.calminia.com\/en\/wp-json\/wp\/v2\/pages"}],"about":[{"href":"https:\/\/www.calminia.com\/en\/wp-json\/wp\/v2\/types\/page"}],"author":[{"embeddable":true,"href":"https:\/\/www.calminia.com\/en\/wp-json\/wp\/v2\/users\/1"}],"replies":[{"embeddable":true,"href":"https:\/\/www.calminia.com\/en\/wp-json\/wp\/v2\/comments?post=842"}],"version-history":[{"count":4,"href":"https:\/\/www.calminia.com\/en\/wp-json\/wp\/v2\/pages\/842\/revisions"}],"predecessor-version":[{"id":1120,"href":"https:\/\/www.calminia.com\/en\/wp-json\/wp\/v2\/pages\/842\/revisions\/1120"}],"up":[{"embeddable":true,"href":"https:\/\/www.calminia.com\/en\/wp-json\/wp\/v2\/pages\/832"}],"wp:attachment":[{"href":"https:\/\/www.calminia.com\/en\/wp-json\/wp\/v2\/media?parent=842"}],"curies":[{"name":"wp","href":"https:\/\/api.w.org\/{rel}","templated":true}]}}