{"id":838,"date":"2018-10-18T10:21:40","date_gmt":"2018-10-18T09:21:40","guid":{"rendered":"https:\/\/www.calminia.com\/calminia-est-certifiee-operateur-economique-agree-oea\/"},"modified":"2019-03-01T16:00:04","modified_gmt":"2019-03-01T15:00:04","slug":"certified-approved-economic-operator","status":"publish","type":"page","link":"https:\/\/www.calminia.com\/en\/certified-approved-economic-operator\/","title":{"rendered":"Calminia\u00ae is Certified Approved Economic Operator (A.E.O)"},"content":{"rendered":"\r\n\t<p>Actually, CALMINIA\u00ae is the first company on its market to be certified A.E.O, for the European Union, by the customs services<\/p>\r\n<p>This internationally label of European customs trust, is a garantee of reliability in international trade.<\/p>\r\n\t<h2>CALMINIA\u00ae, a company with an European dimension.<\/h2>\r\n<p>&nbsp;<\/p>\r\n<p>CALMINIA\u00ae manufactures and sells natural stones products from meticulously selected deposits. Exceptionnal seams exploited from limestone, granite and sandstone offer a high quality wide range of natural stones products.<\/p>\r\n<p>CALMINIA\u00ae simplifies all the steps by giving you a single contact from the extraction to the delivery, to permanentely increase our customer satisfaction. <\/p>\r\n\t\t\t\t<img decoding=\"async\" loading=\"lazy\" src=\"https:\/\/www.calminia.com\/wp-content\/uploads\/2019\/02\/Calminia-pierre-naturelle.jpg\" alt=\"calminia pierre naturelle magasin facade calminia pierre naturelle vente fabricant\" itemprop=\"image\" height=\"686\" width=\"1200\" title=\"Calminia-pierre-naturelle\" onerror=\"this.style.display='none'\"  \/>\r\n\t\t\t\t<img decoding=\"async\" loading=\"lazy\" src=\"https:\/\/www.calminia.com\/wp-content\/uploads\/2018\/11\/extraction-blocs-pierre-naturelle-carriere.jpg\" alt=\"extraction blocs pierre naturelle carriere calminia pierre naturelle vente fabricant\" itemprop=\"image\" height=\"467\" width=\"1000\" title=\"extraction-blocs-pierre-naturelle-carriere\" onerror=\"this.style.display='none'\"  \/>\r\n\t<h2>Today, CALMINIA\u00ae goes much further ! <\/h2>\r\n<p>&nbsp;<\/p>\r\n<p>As its international activity became significant, it was a necesity to engage an A.E.O certification process with customs services. This customs services certification allows to distinguish the most reliable companies.<\/p>\r\n\t<h2>CALMINIA has already the A.E.O certification with two particular parts : \u00ab customs simplifications \u00bb and \u00ab safety-security \u00bb.<\/h2>\r\n<p>&nbsp;<\/p>\r\n<p>The A.E.O authorization is issued by customs services which is applicable in all the European Union and it is also internationally recognised ( in the United States, China, Japan, Switzerland and Norway).<\/p>\r\n\t\t\t\t<img decoding=\"async\" loading=\"lazy\" src=\"https:\/\/www.calminia.com\/wp-content\/uploads\/2018\/11\/logo-oea-aeo.jpg\" alt=\"logotype oea aeo op\u00e9rateur \u00e9conomique\" itemprop=\"image\" height=\"300\" width=\"450\" title=\"logotype oea aeo op\u00e9rateur \u00e9conomique agr\u00e9e calminia\" onerror=\"this.style.display='none'\"  \/>\r\n\t\t\t\t<img decoding=\"async\" src=\"https:\/\/www.calminia.com\/wp-content\/uploads\/2018\/10\/quote-gauche.png\" alt=\"quote-gauche\" itemprop=\"image\" title=\"quote-gauche\" onerror=\"this.style.display='none'\"  \/>\r\n\t<p>\u00ab\u00a0Our company is commited to the customs administration, to make its customs processes more reliable and to strengthen the security of the international supply chain.<\/p>\r\n<p><strong>That\u2019s why, CALMINIA\u00ae has been audited\u00a0concerning its facilities, methodologies and relationships with it various logistics partners. <\/strong><\/p>\r\nWhat consequences of this certification\u00a0? Increasing the security of storage, reception and shipping areas, a better knowledge of our transport partners, more control over means of transportation leavin our facilities. <br \/>\r\nIt is a real choice to involve our partners in this securing approach.\u00a0\u00bb\r\n\t\t\t\t<img decoding=\"async\" src=\"https:\/\/www.calminia.com\/wp-content\/uploads\/2018\/10\/quote-droite.png\" alt=\"quote-droite\" itemprop=\"image\" title=\"quote-droite\" onerror=\"this.style.display='none'\"  \/>\r\n\t\t\t\t<img decoding=\"async\" src=\"https:\/\/www.calminia.com\/wp-content\/uploads\/2018\/10\/warning.png\" alt=\"warning\" itemprop=\"image\" title=\"warning\" onerror=\"this.style.display='none'\"  \/>\r\n\t<h2><em>What you must remember: <\/em><\/h2>\r\n<p>&nbsp;<\/p>\r\n<p>Finally this A.E.O certification is a real opportunity for the custommers:<\/p>\r\n<p>&nbsp;<\/p>\r\n<ul>\r\n<li>Simplification of customs procedures managed by CALMINIA\u00ae<\/li>\r\n<li>Priority processing of shipments during customs clearance<\/li>\r\n<li>Time and productivity saving<\/li>\r\n<\/ul>\r\n","protected":false},"excerpt":{"rendered":"<p>Actually, CALMINIA\u00ae is the first company on its market to be certified A.E.O, for the European Union, by the customs services This internationally label of European customs trust, is a garantee of reliability in international trade. CALMINIA\u00ae, a company with an European dimension. &nbsp; CALMINIA\u00ae manufactures and sells natural stones products from meticulously selected deposits. [&hellip;]<\/p>\n","protected":false},"author":1,"featured_media":0,"parent":0,"menu_order":0,"comment_status":"closed","ping_status":"closed","template":"","meta":[],"acf":[],"yoast_head":"<!-- This site is optimized with the Yoast SEO plugin v20.4 - https:\/\/yoast.com\/wordpress\/plugins\/seo\/ -->\n<title>Certifi\u00e9e Op\u00e9rateur \u00c9conomique Agr\u00e9\u00e9 | Fabricant de Pierres Naturelles<\/title>\n<meta name=\"description\" content=\"Calminia est la 1\u00e8re entreprise sur son march\u00e9 \u00e0 \u00eatre certifi\u00e9e OEA par les services douaniers pour l&#039;Europe. Un seul interlocuteur, c&#039;est Calminia !\" \/>\n<meta name=\"robots\" content=\"index, follow, max-snippet:-1, max-image-preview:large, max-video-preview:-1\" \/>\n<link rel=\"canonical\" href=\"https:\/\/www.calminia.com\/en\/certified-approved-economic-operator\/\" \/>\n<meta property=\"og:locale\" content=\"en_US\" \/>\n<meta property=\"og:type\" content=\"article\" \/>\n<meta property=\"og:title\" content=\"Certifi\u00e9e Op\u00e9rateur \u00c9conomique Agr\u00e9\u00e9 | Fabricant de Pierres Naturelles\" \/>\n<meta property=\"og:description\" content=\"Calminia est la 1\u00e8re entreprise sur son march\u00e9 \u00e0 \u00eatre certifi\u00e9e OEA par les services douaniers pour l&#039;Europe. Un seul interlocuteur, c&#039;est Calminia !\" \/>\n<meta property=\"og:url\" content=\"https:\/\/www.calminia.com\/en\/certified-approved-economic-operator\/\" \/>\n<meta property=\"og:site_name\" content=\"Calminia\" \/>\n<meta property=\"article:modified_time\" content=\"2019-03-01T15:00:04+00:00\" \/>\n<meta property=\"og:image\" content=\"https:\/\/www.calminia.com\/wp-content\/uploads\/2019\/02\/Calminia-pierre-naturelle.jpg\" \/>\n<meta name=\"twitter:card\" content=\"summary_large_image\" \/>\n<meta name=\"twitter:label1\" content=\"Est. reading time\" \/>\n\t<meta name=\"twitter:data1\" content=\"2 minutes\" \/>\n<script type=\"application\/ld+json\" class=\"yoast-schema-graph\">{\"@context\":\"https:\/\/schema.org\",\"@graph\":[{\"@type\":\"WebPage\",\"@id\":\"https:\/\/www.calminia.com\/en\/certified-approved-economic-operator\/\",\"url\":\"https:\/\/www.calminia.com\/en\/certified-approved-economic-operator\/\",\"name\":\"Certifi\u00e9e Op\u00e9rateur \u00c9conomique Agr\u00e9\u00e9 | Fabricant de Pierres Naturelles\",\"isPartOf\":{\"@id\":\"https:\/\/www.calminia.com\/#website\"},\"datePublished\":\"2018-10-18T09:21:40+00:00\",\"dateModified\":\"2019-03-01T15:00:04+00:00\",\"description\":\"Calminia est la 1\u00e8re entreprise sur son march\u00e9 \u00e0 \u00eatre certifi\u00e9e OEA par les services douaniers pour l'Europe. Un seul interlocuteur, c'est Calminia !\",\"breadcrumb\":{\"@id\":\"https:\/\/www.calminia.com\/en\/certified-approved-economic-operator\/#breadcrumb\"},\"inLanguage\":\"en-US\",\"potentialAction\":[{\"@type\":\"ReadAction\",\"target\":[\"https:\/\/www.calminia.com\/en\/certified-approved-economic-operator\/\"]}]},{\"@type\":\"BreadcrumbList\",\"@id\":\"https:\/\/www.calminia.com\/en\/certified-approved-economic-operator\/#breadcrumb\",\"itemListElement\":[{\"@type\":\"ListItem\",\"position\":1,\"name\":\"Accueil\",\"item\":\"https:\/\/www.calminia.com\/en\/\"},{\"@type\":\"ListItem\",\"position\":2,\"name\":\"Calminia\u00ae is Certified Approved Economic Operator (A.E.O)\"}]},{\"@type\":\"WebSite\",\"@id\":\"https:\/\/www.calminia.com\/#website\",\"url\":\"https:\/\/www.calminia.com\/\",\"name\":\"Calminia\",\"description\":\"\",\"potentialAction\":[{\"@type\":\"SearchAction\",\"target\":{\"@type\":\"EntryPoint\",\"urlTemplate\":\"https:\/\/www.calminia.com\/?s={search_term_string}\"},\"query-input\":\"required name=search_term_string\"}],\"inLanguage\":\"en-US\"}]}<\/script>\n<!-- \/ Yoast SEO plugin. -->","yoast_head_json":{"title":"Certifi\u00e9e Op\u00e9rateur \u00c9conomique Agr\u00e9\u00e9 | Fabricant de Pierres Naturelles","description":"Calminia est la 1\u00e8re entreprise sur son march\u00e9 \u00e0 \u00eatre certifi\u00e9e OEA par les services douaniers pour l'Europe. Un seul interlocuteur, c'est Calminia !","robots":{"index":"index","follow":"follow","max-snippet":"max-snippet:-1","max-image-preview":"max-image-preview:large","max-video-preview":"max-video-preview:-1"},"canonical":"https:\/\/www.calminia.com\/en\/certified-approved-economic-operator\/","og_locale":"en_US","og_type":"article","og_title":"Certifi\u00e9e Op\u00e9rateur \u00c9conomique Agr\u00e9\u00e9 | Fabricant de Pierres Naturelles","og_description":"Calminia est la 1\u00e8re entreprise sur son march\u00e9 \u00e0 \u00eatre certifi\u00e9e OEA par les services douaniers pour l'Europe. Un seul interlocuteur, c'est Calminia !","og_url":"https:\/\/www.calminia.com\/en\/certified-approved-economic-operator\/","og_site_name":"Calminia","article_modified_time":"2019-03-01T15:00:04+00:00","og_image":[{"url":"https:\/\/www.calminia.com\/wp-content\/uploads\/2019\/02\/Calminia-pierre-naturelle.jpg"}],"twitter_card":"summary_large_image","twitter_misc":{"Est. reading time":"2 minutes"},"schema":{"@context":"https:\/\/schema.org","@graph":[{"@type":"WebPage","@id":"https:\/\/www.calminia.com\/en\/certified-approved-economic-operator\/","url":"https:\/\/www.calminia.com\/en\/certified-approved-economic-operator\/","name":"Certifi\u00e9e Op\u00e9rateur \u00c9conomique Agr\u00e9\u00e9 | Fabricant de Pierres Naturelles","isPartOf":{"@id":"https:\/\/www.calminia.com\/#website"},"datePublished":"2018-10-18T09:21:40+00:00","dateModified":"2019-03-01T15:00:04+00:00","description":"Calminia est la 1\u00e8re entreprise sur son march\u00e9 \u00e0 \u00eatre certifi\u00e9e OEA par les services douaniers pour l'Europe. Un seul interlocuteur, c'est Calminia !","breadcrumb":{"@id":"https:\/\/www.calminia.com\/en\/certified-approved-economic-operator\/#breadcrumb"},"inLanguage":"en-US","potentialAction":[{"@type":"ReadAction","target":["https:\/\/www.calminia.com\/en\/certified-approved-economic-operator\/"]}]},{"@type":"BreadcrumbList","@id":"https:\/\/www.calminia.com\/en\/certified-approved-economic-operator\/#breadcrumb","itemListElement":[{"@type":"ListItem","position":1,"name":"Accueil","item":"https:\/\/www.calminia.com\/en\/"},{"@type":"ListItem","position":2,"name":"Calminia\u00ae is Certified Approved Economic Operator (A.E.O)"}]},{"@type":"WebSite","@id":"https:\/\/www.calminia.com\/#website","url":"https:\/\/www.calminia.com\/","name":"Calminia","description":"","potentialAction":[{"@type":"SearchAction","target":{"@type":"EntryPoint","urlTemplate":"https:\/\/www.calminia.com\/?s={search_term_string}"},"query-input":"required name=search_term_string"}],"inLanguage":"en-US"}]}},"_links":{"self":[{"href":"https:\/\/www.calminia.com\/en\/wp-json\/wp\/v2\/pages\/838"}],"collection":[{"href":"https:\/\/www.calminia.com\/en\/wp-json\/wp\/v2\/pages"}],"about":[{"href":"https:\/\/www.calminia.com\/en\/wp-json\/wp\/v2\/types\/page"}],"author":[{"embeddable":true,"href":"https:\/\/www.calminia.com\/en\/wp-json\/wp\/v2\/users\/1"}],"replies":[{"embeddable":true,"href":"https:\/\/www.calminia.com\/en\/wp-json\/wp\/v2\/comments?post=838"}],"version-history":[{"count":4,"href":"https:\/\/www.calminia.com\/en\/wp-json\/wp\/v2\/pages\/838\/revisions"}],"predecessor-version":[{"id":847,"href":"https:\/\/www.calminia.com\/en\/wp-json\/wp\/v2\/pages\/838\/revisions\/847"}],"wp:attachment":[{"href":"https:\/\/www.calminia.com\/en\/wp-json\/wp\/v2\/media?parent=838"}],"curies":[{"name":"wp","href":"https:\/\/api.w.org\/{rel}","templated":true}]}}